{"id":2745,"date":"2026-02-06T17:02:33","date_gmt":"2026-02-06T14:02:33","guid":{"rendered":"https:\/\/tekniseri.com\/?page_id=2745"},"modified":"2026-02-06T17:28:11","modified_gmt":"2026-02-06T14:28:11","slug":"harvia","status":"publish","type":"page","link":"https:\/\/tekniseri.de\/?page_id=2745","title":{"rendered":"Harvia"},"content":{"rendered":"<div class=\"fusion-fullwidth fullwidth-box fusion-builder-row-1 nonhundred-percent-fullwidth non-hundred-percent-height-scrolling\" style=\"--awb-border-radius-top-left:0px;--awb-border-radius-top-right:0px;--awb-border-radius-bottom-right:0px;--awb-border-radius-bottom-left:0px;--awb-flex-wrap:wrap;\" ><div class=\"fusion-builder-row fusion-row\"><div class=\"fusion-layout-column fusion_builder_column fusion-builder-column-0 fusion_builder_column_1_1 1_1 fusion-one-full fusion-column-first fusion-column-last\" style=\"--awb-bg-size:cover;\"><div class=\"fusion-column-wrapper fusion-column-has-shadow fusion-flex-column-wrapper-legacy\"><div class=\"fusion-image-element fusion-image-align-center in-legacy-container\" style=\"text-align:center;--awb-caption-title-font-family:var(--h2_typography-font-family);--awb-caption-title-font-weight:var(--h2_typography-font-weight);--awb-caption-title-font-style:var(--h2_typography-font-style);--awb-caption-title-size:var(--h2_typography-font-size);--awb-caption-title-transform:var(--h2_typography-text-transform);--awb-caption-title-line-height:var(--h2_typography-line-height);--awb-caption-title-letter-spacing:var(--h2_typography-letter-spacing);\"><div class=\"imageframe-align-center\"><span class=\" fusion-imageframe imageframe-none imageframe-1 hover-type-none\"><img decoding=\"async\" width=\"2560\" height=\"1516\" title=\"Harvia_ranta_03\" src=\"https:\/\/tekniseri.com\/wp-content\/uploads\/2020\/06\/Harvia_ranta_03-scaled-e1596784376835.jpg\" alt class=\"img-responsive wp-image-2743\"\/><\/span><\/div><\/div><div class=\"fusion-text fusion-text-1\"><h3 style=\"text-align: center;\"><span class=\"EOP SCXW53441398 BCX0\" data-ccp-props=\"{\"><span class=\"TextRun BCX0 SCXP83975923\" lang=\"EN-US\" xml:lang=\"EN-US\" data-scheme-color=\"@3A3A3A,,\" data-usefontface=\"true\" data-contrast=\"none\"><span class=\"NormalTextRun BCX0 SCXP83975923\">HARVIA: Hochwertige \u00d6fen und L\u00f6sungen f\u00fcr alle Sauna- und Spa-Bed\u00fcrfnisse<\/span><\/span> <\/span><\/h3>\n<p style=\"text-align: justify;\">In Finnland ist der Saunagang ein wesentlicher Bestandteil der finnischen Tradition. Doch die einzigartigen Sauna- und Spa-Erlebnisse wecken weltweit Interesse. Harvia ist ein finnischer Hersteller von Sauna\u00f6fen, der vor 70 Jahren gegr\u00fcndet wurde. Neben Sauna\u00f6fen bietet Harvia Saunar\u00e4ume, Infrarot- und Dampfkabinen, Spa-Module, digitale Steuerger\u00e4te und weiteres Zubeh\u00f6r f\u00fcr verschiedene Sauna- und Spa-Kulturen an. Doch die einzigartigen Sauna- und Spa-Erlebnisse wecken weltweit Interesse. Harvia ist ein finnischer Hersteller von Sauna\u00f6fen, der vor 70 Jahren gegr\u00fcndet wurde. Neben Sauna\u00f6fen bietet Harvia Saunar\u00e4ume, Infrarot- und Dampfkabinen, Spa-Module, digitale Steuerger\u00e4te und weiteres Zubeh\u00f6r f\u00fcr verschiedene Sauna- und Spa-Kulturen an.<\/p>\n<\/div><div class=\"fusion-image-element fusion-image-align-center in-legacy-container\" style=\"text-align:center;--awb-caption-title-font-family:var(--h2_typography-font-family);--awb-caption-title-font-weight:var(--h2_typography-font-weight);--awb-caption-title-font-style:var(--h2_typography-font-style);--awb-caption-title-size:var(--h2_typography-font-size);--awb-caption-title-transform:var(--h2_typography-text-transform);--awb-caption-title-line-height:var(--h2_typography-line-height);--awb-caption-title-letter-spacing:var(--h2_typography-letter-spacing);\"><div class=\"imageframe-align-center\"><span class=\" fusion-imageframe imageframe-none imageframe-2 hover-type-none\"><img decoding=\"async\" width=\"1600\" height=\"902\" title=\"harvia\" src=\"https:\/\/tekniseri.com\/wp-content\/uploads\/2020\/07\/harvia.png\" alt class=\"img-responsive wp-image-2744\" srcset=\"https:\/\/tekniseri.de\/wp-content\/uploads\/2020\/07\/harvia-200x113.png 200w, https:\/\/tekniseri.de\/wp-content\/uploads\/2020\/07\/harvia-400x226.png 400w, https:\/\/tekniseri.de\/wp-content\/uploads\/2020\/07\/harvia-600x338.png 600w, https:\/\/tekniseri.de\/wp-content\/uploads\/2020\/07\/harvia-800x451.png 800w, https:\/\/tekniseri.de\/wp-content\/uploads\/2020\/07\/harvia-1200x677.png 1200w, https:\/\/tekniseri.de\/wp-content\/uploads\/2020\/07\/harvia.png 1600w\" sizes=\"(max-width: 800px) 100vw, 1600px\" \/><\/span><\/div><\/div><div class=\"fusion-text fusion-text-2\"><p>Sauna\u00f6fen sind in Bezug auf Kennzeichnungsanwendungen eine anspruchsvolle Produktgruppe. Tekniseri arbeitet mit Harvia zusammen und liefert hochwertige metallische Kennzeichnungsl\u00f6sungen, die den Anforderungen feuchter und hei\u00dfer Umgebungen sowie anspruchsvollem Design gerecht werden. Da Harvia Sauna\u00f6fen in die USA exportiert, ist ein UL-zertifizierter Produktionsprozess f\u00fcr den Etikettenlieferanten unerl\u00e4sslich. <\/p>\n<p>Eloxiertes Aluminium ist das perfekte Material f\u00fcr diese Anwendung. Die Aluminiumplatten werden digital bedruckt und mit einem speziellen Verfahren behandelt, das eine sch\u00fctzende Aluminiumschicht auf der Oberfl\u00e4che erzeugt und so Material und Farbe dauerhaft sch\u00fctzt. Auch lasergravierte Platten k\u00f6nnen verwendet werden, um den Sauna\u00f6fen ein einzigartiges Aussehen zu verleihen. <\/p>\n<p>Um mehr \u00fcber Harvia zu erfahren, klicken Sie bitte hier.: <em><a href=\"https:\/\/www.harvia.fi\/en\">Harvia.fi.<\/a><\/em><\/p>\n<\/div><div class=\"fusion-clearfix\"><\/div><\/div><\/div><\/div><\/div>\n","protected":false},"excerpt":{"rendered":"","protected":false},"author":1,"featured_media":0,"parent":2768,"menu_order":0,"comment_status":"closed","ping_status":"closed","template":"","meta":{"footnotes":""},"class_list":["post-2745","page","type-page","status-publish","hentry"],"yoast_head":"<!-- This site is optimized with the Yoast SEO plugin v27.3 - https:\/\/yoast.com\/product\/yoast-seo-wordpress\/ -->\n<title>Harvia &#187; Tekniseri<\/title>\n<meta name=\"robots\" content=\"index, follow, max-snippet:-1, max-image-preview:large, max-video-preview:-1\" \/>\n<link rel=\"canonical\" href=\"https:\/\/tekniseri.de\/?page_id=2745\" \/>\n<meta property=\"og:locale\" content=\"de_DE\" \/>\n<meta property=\"og:type\" content=\"article\" \/>\n<meta property=\"og:title\" content=\"Harvia &#187; Tekniseri\" \/>\n<meta property=\"og:url\" content=\"https:\/\/tekniseri.de\/?page_id=2745\" \/>\n<meta property=\"og:site_name\" content=\"Tekniseri\" \/>\n<meta property=\"article:publisher\" content=\"https:\/\/www.facebook.com\/tekniseri\/\" \/>\n<meta property=\"article:modified_time\" content=\"2026-02-06T14:28:11+00:00\" \/>\n<meta name=\"twitter:card\" content=\"summary_large_image\" \/>\n<meta name=\"twitter:label1\" content=\"Gesch\u00e4tzte Lesezeit\" \/>\n\t<meta name=\"twitter:data1\" content=\"4\u00a0Minuten\" \/>\n<script type=\"application\/ld+json\" class=\"yoast-schema-graph\">{\"@context\":\"https:\\\/\\\/schema.org\",\"@graph\":[{\"@type\":\"WebPage\",\"@id\":\"https:\\\/\\\/tekniseri.de\\\/?page_id=2745\",\"url\":\"https:\\\/\\\/tekniseri.de\\\/?page_id=2745\",\"name\":\"Harvia &#187; Tekniseri\",\"isPartOf\":{\"@id\":\"https:\\\/\\\/tekniseri.de\\\/#website\"},\"datePublished\":\"2026-02-06T14:02:33+00:00\",\"dateModified\":\"2026-02-06T14:28:11+00:00\",\"breadcrumb\":{\"@id\":\"https:\\\/\\\/tekniseri.de\\\/?page_id=2745#breadcrumb\"},\"inLanguage\":\"de\",\"potentialAction\":[{\"@type\":\"ReadAction\",\"target\":[\"https:\\\/\\\/tekniseri.de\\\/?page_id=2745\"]}]},{\"@type\":\"BreadcrumbList\",\"@id\":\"https:\\\/\\\/tekniseri.de\\\/?page_id=2745#breadcrumb\",\"itemListElement\":[{\"@type\":\"ListItem\",\"position\":1,\"name\":\"Home\",\"item\":\"https:\\\/\\\/tekniseri.de\\\/\"},{\"@type\":\"ListItem\",\"position\":2,\"name\":\"Referenzen\",\"item\":\"https:\\\/\\\/tekniseri.de\\\/?page_id=2768\"},{\"@type\":\"ListItem\",\"position\":3,\"name\":\"Harvia\"}]},{\"@type\":\"WebSite\",\"@id\":\"https:\\\/\\\/tekniseri.de\\\/#website\",\"url\":\"https:\\\/\\\/tekniseri.de\\\/\",\"name\":\"Tekniseri\",\"description\":\"\",\"publisher\":{\"@id\":\"https:\\\/\\\/tekniseri.de\\\/#organization\"},\"potentialAction\":[{\"@type\":\"SearchAction\",\"target\":{\"@type\":\"EntryPoint\",\"urlTemplate\":\"https:\\\/\\\/tekniseri.de\\\/?s={search_term_string}\"},\"query-input\":{\"@type\":\"PropertyValueSpecification\",\"valueRequired\":true,\"valueName\":\"search_term_string\"}}],\"inLanguage\":\"de\"},{\"@type\":\"Organization\",\"@id\":\"https:\\\/\\\/tekniseri.de\\\/#organization\",\"name\":\"Tekniseri\",\"url\":\"https:\\\/\\\/tekniseri.de\\\/\",\"logo\":{\"@type\":\"ImageObject\",\"inLanguage\":\"de\",\"@id\":\"https:\\\/\\\/tekniseri.de\\\/#\\\/schema\\\/logo\\\/image\\\/\",\"url\":\"https:\\\/\\\/tekniseri.de\\\/wp-content\\\/uploads\\\/2023\\\/01\\\/Tekniseri-Logo-2023.jpg\",\"contentUrl\":\"https:\\\/\\\/tekniseri.de\\\/wp-content\\\/uploads\\\/2023\\\/01\\\/Tekniseri-Logo-2023.jpg\",\"width\":2422,\"height\":356,\"caption\":\"Tekniseri\"},\"image\":{\"@id\":\"https:\\\/\\\/tekniseri.de\\\/#\\\/schema\\\/logo\\\/image\\\/\"},\"sameAs\":[\"https:\\\/\\\/www.facebook.com\\\/tekniseri\\\/\",\"https:\\\/\\\/linkedin.com\\\/company\\\/tekniseri\"]}]}<\/script>\n<!-- \/ Yoast SEO plugin. -->","yoast_head_json":{"title":"Harvia &#187; Tekniseri","robots":{"index":"index","follow":"follow","max-snippet":"max-snippet:-1","max-image-preview":"max-image-preview:large","max-video-preview":"max-video-preview:-1"},"canonical":"https:\/\/tekniseri.de\/?page_id=2745","og_locale":"de_DE","og_type":"article","og_title":"Harvia &#187; Tekniseri","og_url":"https:\/\/tekniseri.de\/?page_id=2745","og_site_name":"Tekniseri","article_publisher":"https:\/\/www.facebook.com\/tekniseri\/","article_modified_time":"2026-02-06T14:28:11+00:00","twitter_card":"summary_large_image","twitter_misc":{"Gesch\u00e4tzte Lesezeit":"4\u00a0Minuten"},"schema":{"@context":"https:\/\/schema.org","@graph":[{"@type":"WebPage","@id":"https:\/\/tekniseri.de\/?page_id=2745","url":"https:\/\/tekniseri.de\/?page_id=2745","name":"Harvia &#187; Tekniseri","isPartOf":{"@id":"https:\/\/tekniseri.de\/#website"},"datePublished":"2026-02-06T14:02:33+00:00","dateModified":"2026-02-06T14:28:11+00:00","breadcrumb":{"@id":"https:\/\/tekniseri.de\/?page_id=2745#breadcrumb"},"inLanguage":"de","potentialAction":[{"@type":"ReadAction","target":["https:\/\/tekniseri.de\/?page_id=2745"]}]},{"@type":"BreadcrumbList","@id":"https:\/\/tekniseri.de\/?page_id=2745#breadcrumb","itemListElement":[{"@type":"ListItem","position":1,"name":"Home","item":"https:\/\/tekniseri.de\/"},{"@type":"ListItem","position":2,"name":"Referenzen","item":"https:\/\/tekniseri.de\/?page_id=2768"},{"@type":"ListItem","position":3,"name":"Harvia"}]},{"@type":"WebSite","@id":"https:\/\/tekniseri.de\/#website","url":"https:\/\/tekniseri.de\/","name":"Tekniseri","description":"","publisher":{"@id":"https:\/\/tekniseri.de\/#organization"},"potentialAction":[{"@type":"SearchAction","target":{"@type":"EntryPoint","urlTemplate":"https:\/\/tekniseri.de\/?s={search_term_string}"},"query-input":{"@type":"PropertyValueSpecification","valueRequired":true,"valueName":"search_term_string"}}],"inLanguage":"de"},{"@type":"Organization","@id":"https:\/\/tekniseri.de\/#organization","name":"Tekniseri","url":"https:\/\/tekniseri.de\/","logo":{"@type":"ImageObject","inLanguage":"de","@id":"https:\/\/tekniseri.de\/#\/schema\/logo\/image\/","url":"https:\/\/tekniseri.de\/wp-content\/uploads\/2023\/01\/Tekniseri-Logo-2023.jpg","contentUrl":"https:\/\/tekniseri.de\/wp-content\/uploads\/2023\/01\/Tekniseri-Logo-2023.jpg","width":2422,"height":356,"caption":"Tekniseri"},"image":{"@id":"https:\/\/tekniseri.de\/#\/schema\/logo\/image\/"},"sameAs":["https:\/\/www.facebook.com\/tekniseri\/","https:\/\/linkedin.com\/company\/tekniseri"]}]}},"_links":{"self":[{"href":"https:\/\/tekniseri.de\/index.php?rest_route=\/wp\/v2\/pages\/2745","targetHints":{"allow":["GET"]}}],"collection":[{"href":"https:\/\/tekniseri.de\/index.php?rest_route=\/wp\/v2\/pages"}],"about":[{"href":"https:\/\/tekniseri.de\/index.php?rest_route=\/wp\/v2\/types\/page"}],"author":[{"embeddable":true,"href":"https:\/\/tekniseri.de\/index.php?rest_route=\/wp\/v2\/users\/1"}],"replies":[{"embeddable":true,"href":"https:\/\/tekniseri.de\/index.php?rest_route=%2Fwp%2Fv2%2Fcomments&post=2745"}],"version-history":[{"count":3,"href":"https:\/\/tekniseri.de\/index.php?rest_route=\/wp\/v2\/pages\/2745\/revisions"}],"predecessor-version":[{"id":2750,"href":"https:\/\/tekniseri.de\/index.php?rest_route=\/wp\/v2\/pages\/2745\/revisions\/2750"}],"up":[{"embeddable":true,"href":"https:\/\/tekniseri.de\/index.php?rest_route=\/wp\/v2\/pages\/2768"}],"wp:attachment":[{"href":"https:\/\/tekniseri.de\/index.php?rest_route=%2Fwp%2Fv2%2Fmedia&parent=2745"}],"curies":[{"name":"wp","href":"https:\/\/api.w.org\/{rel}","templated":true}]}}