{"id":2739,"date":"2026-02-06T17:00:26","date_gmt":"2026-02-06T14:00:26","guid":{"rendered":"https:\/\/tekniseri.com\/?page_id=2739"},"modified":"2026-02-06T17:28:11","modified_gmt":"2026-02-06T14:28:11","slug":"hk-instruments","status":"publish","type":"page","link":"https:\/\/tekniseri.de\/?page_id=2739","title":{"rendered":"HK Instruments"},"content":{"rendered":"<div class=\"fusion-fullwidth fullwidth-box fusion-builder-row-1 nonhundred-percent-fullwidth non-hundred-percent-height-scrolling\" style=\"--awb-border-radius-top-left:0px;--awb-border-radius-top-right:0px;--awb-border-radius-bottom-right:0px;--awb-border-radius-bottom-left:0px;--awb-flex-wrap:wrap;\" ><div class=\"fusion-builder-row fusion-row\"><div class=\"fusion-layout-column fusion_builder_column fusion-builder-column-0 fusion_builder_column_1_1 1_1 fusion-one-full fusion-column-first fusion-column-last\" style=\"--awb-bg-size:cover;\"><div class=\"fusion-column-wrapper fusion-column-has-shadow fusion-flex-column-wrapper-legacy\"><div class=\"fusion-image-element fusion-image-align-center in-legacy-container\" style=\"text-align:center;--awb-caption-title-font-family:var(--h2_typography-font-family);--awb-caption-title-font-weight:var(--h2_typography-font-weight);--awb-caption-title-font-style:var(--h2_typography-font-style);--awb-caption-title-size:var(--h2_typography-font-size);--awb-caption-title-transform:var(--h2_typography-text-transform);--awb-caption-title-line-height:var(--h2_typography-line-height);--awb-caption-title-letter-spacing:var(--h2_typography-letter-spacing);\"><div class=\"imageframe-align-center\"><span class=\" fusion-imageframe imageframe-none imageframe-1 hover-type-none\"><img decoding=\"async\" width=\"1024\" height=\"596\" title=\"shutterstock_675097492\" src=\"https:\/\/tekniseri.com\/wp-content\/uploads\/2020\/05\/shutterstock_675097492-scaled-e1590750052568-1024x596.jpg\" alt class=\"img-responsive wp-image-2737\" srcset=\"https:\/\/tekniseri.de\/wp-content\/uploads\/2020\/05\/shutterstock_675097492-scaled-e1590750052568-200x116.jpg 200w, https:\/\/tekniseri.de\/wp-content\/uploads\/2020\/05\/shutterstock_675097492-scaled-e1590750052568-400x233.jpg 400w, https:\/\/tekniseri.de\/wp-content\/uploads\/2020\/05\/shutterstock_675097492-scaled-e1590750052568-600x349.jpg 600w, https:\/\/tekniseri.de\/wp-content\/uploads\/2020\/05\/shutterstock_675097492-scaled-e1590750052568-800x466.jpg 800w, https:\/\/tekniseri.de\/wp-content\/uploads\/2020\/05\/shutterstock_675097492-scaled-e1590750052568-1200x699.jpg 1200w, https:\/\/tekniseri.de\/wp-content\/uploads\/2020\/05\/shutterstock_675097492-scaled-e1590750052568.jpg 2560w\" sizes=\"(max-width: 800px) 100vw, 1024px\" \/><\/span><\/div><\/div><div class=\"fusion-text fusion-text-1\"><h3 style=\"text-align: center;\"><span class=\"TextRun SCXW87919291 BCX0\" lang=\"EN-US\" xml:lang=\"EN-US\" data-contrast=\"auto\"><span class=\"NormalTextRun SCXW87919291 BCX0\">Gr\u00fcne, umweltbewusste Technologien zur F\u00f6rderung der zuk\u00fcnftigen Entwicklung von HLK-Systemen<\/span><\/span><span class=\"EOP SCXW87919291 BCX0\" data-ccp-props=\"{\"> <\/span><\/h3>\n<p style=\"text-align: justify;\">Die HLK-Branche ergreift Ma\u00dfnahmen zur Einf\u00fchrung neuer Technologien, um umweltfreundliche L\u00f6sungen zu entwickeln. Heizungs-, L\u00fcftungs- und insbesondere Klimaanlagen wurden nicht immer unter Umweltaspekten entwickelt, aber neue Trends in der Branche \u2013 darunter das Internet der Dinge, intelligente Technologien sowie Datenerfassung und Automatisierung \u2013 steigern eindeutig die Effizienz von HLK-Anwendungen. Druckaufnehmer werden verwendet, um Druck, Luftstrom und Luftfeuchtigkeit in HLK-Systemen zu messen und zu \u00fcberwachen. Dadurch wird ein komfortables und gesundes Raumklima geschaffen, Betriebskosten kontrolliert und die Wartung von Geb\u00e4uden erleichtert.   <\/p>\n<\/div><div class=\"fusion-image-element fusion-image-align-center in-legacy-container\" style=\"text-align:center;--awb-caption-title-font-family:var(--h2_typography-font-family);--awb-caption-title-font-weight:var(--h2_typography-font-weight);--awb-caption-title-font-style:var(--h2_typography-font-style);--awb-caption-title-size:var(--h2_typography-font-size);--awb-caption-title-transform:var(--h2_typography-text-transform);--awb-caption-title-line-height:var(--h2_typography-line-height);--awb-caption-title-letter-spacing:var(--h2_typography-letter-spacing);\"><div class=\"imageframe-align-center\"><span class=\" fusion-imageframe imageframe-none imageframe-2 hover-type-none\"><img decoding=\"async\" width=\"1024\" height=\"564\" title=\"hkinstruments\" src=\"https:\/\/tekniseri.com\/wp-content\/uploads\/2020\/06\/hkinstruments-1024x564.png\" alt class=\"img-responsive wp-image-2738\" srcset=\"https:\/\/tekniseri.de\/wp-content\/uploads\/2020\/06\/hkinstruments-200x110.png 200w, https:\/\/tekniseri.de\/wp-content\/uploads\/2020\/06\/hkinstruments-400x221.png 400w, https:\/\/tekniseri.de\/wp-content\/uploads\/2020\/06\/hkinstruments-600x331.png 600w, https:\/\/tekniseri.de\/wp-content\/uploads\/2020\/06\/hkinstruments-800x441.png 800w, https:\/\/tekniseri.de\/wp-content\/uploads\/2020\/06\/hkinstruments-1200x662.png 1200w, https:\/\/tekniseri.de\/wp-content\/uploads\/2020\/06\/hkinstruments.png 1600w\" sizes=\"(max-width: 800px) 100vw, 1024px\" \/><\/span><\/div><\/div><div class=\"fusion-text fusion-text-2\"><p>HK Instruments Drucktransmitter und Fl\u00fcssigkeitsmanometer. Tekniseri produziert \u00dcberlagerungen f\u00fcr Produkte von HK Instruments. HK Instruments ist auf die Entwicklung technologisch fortschrittlicher Messger\u00e4te f\u00fcr HLK-Anwendungen spezialisiert. Die Produkte von HK Instruments werden haupts\u00e4chlich in L\u00fcftungsanlagen und der Geb\u00e4udeautomatisierung eingesetzt, mit dem Ziel, eine hohe Luftqualit\u00e4t und Funktionalit\u00e4t in Geb\u00e4uden zu gew\u00e4hrleisten \u2013 f\u00fcr das Wohlbefinden der Menschen und zur Energieeinsparung. Das Portfolio umfasst Serien von Druck- und Luftstromtransmittern, CO2- und Feuchtigkeitssensoren sowie Sensoren f\u00fcr Fl\u00fcssigkeiten. Tekniseri arbeitet seit Jahren mit HK Instruments zusammen und stellt \u00dcberlagerungen f\u00fcr alle deren Produktserien her. HK Instruments stellt \u00e4u\u00dferst hohe Anforderungen an Druckqualit\u00e4t und Pr\u00e4zision \u2013 insbesondere bei der Messung und Anzeige metrischer Werte. Tekniseri hat gemeinsam mit HK Instruments Fertigungsmethoden entwickelt, um die anspruchsvollen Anforderungen an Pr\u00e4zision zu erf\u00fcllen.      <\/p>\n<p>Um mehr \u00fcber HK Instruments zu erfahren, klicken Sie bitte hier.: <em><a href=\"https:\/\/www.hkinstruments.fi\/\">HKInstruments.fi.<\/a><\/em><\/p>\n<\/div><div class=\"fusion-clearfix\"><\/div><\/div><\/div><\/div><\/div>\n","protected":false},"excerpt":{"rendered":"","protected":false},"author":1,"featured_media":0,"parent":2768,"menu_order":0,"comment_status":"closed","ping_status":"closed","template":"","meta":{"footnotes":""},"class_list":["post-2739","page","type-page","status-publish","hentry"],"yoast_head":"<!-- This site is optimized with the Yoast SEO plugin v27.3 - https:\/\/yoast.com\/product\/yoast-seo-wordpress\/ -->\n<title>HK Instruments &#187; Tekniseri<\/title>\n<meta name=\"robots\" content=\"index, follow, max-snippet:-1, max-image-preview:large, max-video-preview:-1\" \/>\n<link rel=\"canonical\" href=\"https:\/\/tekniseri.de\/?page_id=2739\" \/>\n<meta property=\"og:locale\" content=\"de_DE\" \/>\n<meta property=\"og:type\" content=\"article\" \/>\n<meta property=\"og:title\" content=\"HK Instruments &#187; Tekniseri\" \/>\n<meta property=\"og:url\" content=\"https:\/\/tekniseri.de\/?page_id=2739\" \/>\n<meta property=\"og:site_name\" content=\"Tekniseri\" \/>\n<meta property=\"article:publisher\" content=\"https:\/\/www.facebook.com\/tekniseri\/\" \/>\n<meta property=\"article:modified_time\" content=\"2026-02-06T14:28:11+00:00\" \/>\n<meta name=\"twitter:card\" content=\"summary_large_image\" \/>\n<meta name=\"twitter:label1\" content=\"Gesch\u00e4tzte Lesezeit\" \/>\n\t<meta name=\"twitter:data1\" content=\"4\u00a0Minuten\" \/>\n<script type=\"application\/ld+json\" class=\"yoast-schema-graph\">{\"@context\":\"https:\\\/\\\/schema.org\",\"@graph\":[{\"@type\":\"WebPage\",\"@id\":\"https:\\\/\\\/tekniseri.de\\\/?page_id=2739\",\"url\":\"https:\\\/\\\/tekniseri.de\\\/?page_id=2739\",\"name\":\"HK Instruments &#187; Tekniseri\",\"isPartOf\":{\"@id\":\"https:\\\/\\\/tekniseri.de\\\/#website\"},\"datePublished\":\"2026-02-06T14:00:26+00:00\",\"dateModified\":\"2026-02-06T14:28:11+00:00\",\"breadcrumb\":{\"@id\":\"https:\\\/\\\/tekniseri.de\\\/?page_id=2739#breadcrumb\"},\"inLanguage\":\"de\",\"potentialAction\":[{\"@type\":\"ReadAction\",\"target\":[\"https:\\\/\\\/tekniseri.de\\\/?page_id=2739\"]}]},{\"@type\":\"BreadcrumbList\",\"@id\":\"https:\\\/\\\/tekniseri.de\\\/?page_id=2739#breadcrumb\",\"itemListElement\":[{\"@type\":\"ListItem\",\"position\":1,\"name\":\"Home\",\"item\":\"https:\\\/\\\/tekniseri.de\\\/\"},{\"@type\":\"ListItem\",\"position\":2,\"name\":\"Referenzen\",\"item\":\"https:\\\/\\\/tekniseri.de\\\/?page_id=2768\"},{\"@type\":\"ListItem\",\"position\":3,\"name\":\"HK Instruments\"}]},{\"@type\":\"WebSite\",\"@id\":\"https:\\\/\\\/tekniseri.de\\\/#website\",\"url\":\"https:\\\/\\\/tekniseri.de\\\/\",\"name\":\"Tekniseri\",\"description\":\"\",\"publisher\":{\"@id\":\"https:\\\/\\\/tekniseri.de\\\/#organization\"},\"potentialAction\":[{\"@type\":\"SearchAction\",\"target\":{\"@type\":\"EntryPoint\",\"urlTemplate\":\"https:\\\/\\\/tekniseri.de\\\/?s={search_term_string}\"},\"query-input\":{\"@type\":\"PropertyValueSpecification\",\"valueRequired\":true,\"valueName\":\"search_term_string\"}}],\"inLanguage\":\"de\"},{\"@type\":\"Organization\",\"@id\":\"https:\\\/\\\/tekniseri.de\\\/#organization\",\"name\":\"Tekniseri\",\"url\":\"https:\\\/\\\/tekniseri.de\\\/\",\"logo\":{\"@type\":\"ImageObject\",\"inLanguage\":\"de\",\"@id\":\"https:\\\/\\\/tekniseri.de\\\/#\\\/schema\\\/logo\\\/image\\\/\",\"url\":\"https:\\\/\\\/tekniseri.de\\\/wp-content\\\/uploads\\\/2023\\\/01\\\/Tekniseri-Logo-2023.jpg\",\"contentUrl\":\"https:\\\/\\\/tekniseri.de\\\/wp-content\\\/uploads\\\/2023\\\/01\\\/Tekniseri-Logo-2023.jpg\",\"width\":2422,\"height\":356,\"caption\":\"Tekniseri\"},\"image\":{\"@id\":\"https:\\\/\\\/tekniseri.de\\\/#\\\/schema\\\/logo\\\/image\\\/\"},\"sameAs\":[\"https:\\\/\\\/www.facebook.com\\\/tekniseri\\\/\",\"https:\\\/\\\/linkedin.com\\\/company\\\/tekniseri\"]}]}<\/script>\n<!-- \/ Yoast SEO plugin. -->","yoast_head_json":{"title":"HK Instruments &#187; Tekniseri","robots":{"index":"index","follow":"follow","max-snippet":"max-snippet:-1","max-image-preview":"max-image-preview:large","max-video-preview":"max-video-preview:-1"},"canonical":"https:\/\/tekniseri.de\/?page_id=2739","og_locale":"de_DE","og_type":"article","og_title":"HK Instruments &#187; Tekniseri","og_url":"https:\/\/tekniseri.de\/?page_id=2739","og_site_name":"Tekniseri","article_publisher":"https:\/\/www.facebook.com\/tekniseri\/","article_modified_time":"2026-02-06T14:28:11+00:00","twitter_card":"summary_large_image","twitter_misc":{"Gesch\u00e4tzte Lesezeit":"4\u00a0Minuten"},"schema":{"@context":"https:\/\/schema.org","@graph":[{"@type":"WebPage","@id":"https:\/\/tekniseri.de\/?page_id=2739","url":"https:\/\/tekniseri.de\/?page_id=2739","name":"HK Instruments &#187; Tekniseri","isPartOf":{"@id":"https:\/\/tekniseri.de\/#website"},"datePublished":"2026-02-06T14:00:26+00:00","dateModified":"2026-02-06T14:28:11+00:00","breadcrumb":{"@id":"https:\/\/tekniseri.de\/?page_id=2739#breadcrumb"},"inLanguage":"de","potentialAction":[{"@type":"ReadAction","target":["https:\/\/tekniseri.de\/?page_id=2739"]}]},{"@type":"BreadcrumbList","@id":"https:\/\/tekniseri.de\/?page_id=2739#breadcrumb","itemListElement":[{"@type":"ListItem","position":1,"name":"Home","item":"https:\/\/tekniseri.de\/"},{"@type":"ListItem","position":2,"name":"Referenzen","item":"https:\/\/tekniseri.de\/?page_id=2768"},{"@type":"ListItem","position":3,"name":"HK Instruments"}]},{"@type":"WebSite","@id":"https:\/\/tekniseri.de\/#website","url":"https:\/\/tekniseri.de\/","name":"Tekniseri","description":"","publisher":{"@id":"https:\/\/tekniseri.de\/#organization"},"potentialAction":[{"@type":"SearchAction","target":{"@type":"EntryPoint","urlTemplate":"https:\/\/tekniseri.de\/?s={search_term_string}"},"query-input":{"@type":"PropertyValueSpecification","valueRequired":true,"valueName":"search_term_string"}}],"inLanguage":"de"},{"@type":"Organization","@id":"https:\/\/tekniseri.de\/#organization","name":"Tekniseri","url":"https:\/\/tekniseri.de\/","logo":{"@type":"ImageObject","inLanguage":"de","@id":"https:\/\/tekniseri.de\/#\/schema\/logo\/image\/","url":"https:\/\/tekniseri.de\/wp-content\/uploads\/2023\/01\/Tekniseri-Logo-2023.jpg","contentUrl":"https:\/\/tekniseri.de\/wp-content\/uploads\/2023\/01\/Tekniseri-Logo-2023.jpg","width":2422,"height":356,"caption":"Tekniseri"},"image":{"@id":"https:\/\/tekniseri.de\/#\/schema\/logo\/image\/"},"sameAs":["https:\/\/www.facebook.com\/tekniseri\/","https:\/\/linkedin.com\/company\/tekniseri"]}]}},"_links":{"self":[{"href":"https:\/\/tekniseri.de\/index.php?rest_route=\/wp\/v2\/pages\/2739","targetHints":{"allow":["GET"]}}],"collection":[{"href":"https:\/\/tekniseri.de\/index.php?rest_route=\/wp\/v2\/pages"}],"about":[{"href":"https:\/\/tekniseri.de\/index.php?rest_route=\/wp\/v2\/types\/page"}],"author":[{"embeddable":true,"href":"https:\/\/tekniseri.de\/index.php?rest_route=\/wp\/v2\/users\/1"}],"replies":[{"embeddable":true,"href":"https:\/\/tekniseri.de\/index.php?rest_route=%2Fwp%2Fv2%2Fcomments&post=2739"}],"version-history":[{"count":3,"href":"https:\/\/tekniseri.de\/index.php?rest_route=\/wp\/v2\/pages\/2739\/revisions"}],"predecessor-version":[{"id":2742,"href":"https:\/\/tekniseri.de\/index.php?rest_route=\/wp\/v2\/pages\/2739\/revisions\/2742"}],"up":[{"embeddable":true,"href":"https:\/\/tekniseri.de\/index.php?rest_route=\/wp\/v2\/pages\/2768"}],"wp:attachment":[{"href":"https:\/\/tekniseri.de\/index.php?rest_route=%2Fwp%2Fv2%2Fmedia&parent=2739"}],"curies":[{"name":"wp","href":"https:\/\/api.w.org\/{rel}","templated":true}]}}