{"id":2733,"date":"2026-02-06T16:57:57","date_gmt":"2026-02-06T13:57:57","guid":{"rendered":"https:\/\/tekniseri.com\/?page_id=2733"},"modified":"2026-02-06T17:28:11","modified_gmt":"2026-02-06T14:28:11","slug":"treon","status":"publish","type":"page","link":"https:\/\/tekniseri.de\/?page_id=2733","title":{"rendered":"Treon"},"content":{"rendered":"<div class=\"fusion-fullwidth fullwidth-box fusion-builder-row-1 nonhundred-percent-fullwidth non-hundred-percent-height-scrolling\" style=\"--awb-border-radius-top-left:0px;--awb-border-radius-top-right:0px;--awb-border-radius-bottom-right:0px;--awb-border-radius-bottom-left:0px;--awb-flex-wrap:wrap;\" ><div class=\"fusion-builder-row fusion-row\"><div class=\"fusion-layout-column fusion_builder_column fusion-builder-column-0 fusion_builder_column_1_1 1_1 fusion-one-full fusion-column-first fusion-column-last\" style=\"--awb-bg-size:cover;\"><div class=\"fusion-column-wrapper fusion-column-has-shadow fusion-flex-column-wrapper-legacy\"><div class=\"fusion-image-element fusion-image-align-center in-legacy-container\" style=\"text-align:center;--awb-caption-title-font-family:var(--h2_typography-font-family);--awb-caption-title-font-weight:var(--h2_typography-font-weight);--awb-caption-title-font-style:var(--h2_typography-font-style);--awb-caption-title-size:var(--h2_typography-font-size);--awb-caption-title-transform:var(--h2_typography-text-transform);--awb-caption-title-line-height:var(--h2_typography-line-height);--awb-caption-title-letter-spacing:var(--h2_typography-letter-spacing);\"><div class=\"imageframe-align-center\"><span class=\" fusion-imageframe imageframe-none imageframe-1 hover-type-none\"><img decoding=\"async\" width=\"1024\" height=\"596\" title=\"shutterstock_1049032958\" src=\"https:\/\/tekniseri.com\/wp-content\/uploads\/2020\/05\/shutterstock_1049032958-scaled-e1590750517910-1024x596.jpg\" alt class=\"img-responsive wp-image-2731\" srcset=\"https:\/\/tekniseri.de\/wp-content\/uploads\/2020\/05\/shutterstock_1049032958-scaled-e1590750517910-200x116.jpg 200w, https:\/\/tekniseri.de\/wp-content\/uploads\/2020\/05\/shutterstock_1049032958-scaled-e1590750517910-400x233.jpg 400w, https:\/\/tekniseri.de\/wp-content\/uploads\/2020\/05\/shutterstock_1049032958-scaled-e1590750517910-600x349.jpg 600w, https:\/\/tekniseri.de\/wp-content\/uploads\/2020\/05\/shutterstock_1049032958-scaled-e1590750517910-800x466.jpg 800w, https:\/\/tekniseri.de\/wp-content\/uploads\/2020\/05\/shutterstock_1049032958-scaled-e1590750517910-1200x699.jpg 1200w, https:\/\/tekniseri.de\/wp-content\/uploads\/2020\/05\/shutterstock_1049032958-scaled-e1590750517910.jpg 2560w\" sizes=\"(max-width: 800px) 100vw, 1024px\" \/><\/span><\/div><\/div><div class=\"fusion-text fusion-text-1\"><h3 style=\"text-align: center;\"><span class=\"EOP SCXW129096749 BCX0\" data-ccp-props=\"{\"> Intelligente IoT-L\u00f6sungen f\u00fcr Industriekunden, intelligente Geb\u00e4ude und Logistik von Treon<\/span><\/h3>\n<p style=\"text-align: justify;\">Das industrielle Internet der Dinge (Industrial IoT) bezieht sich auf miteinander vernetzte Sensoren, Instrumente und andere Ger\u00e4te, die mit industriellen Anwendungen von Computern verbunden sind, einschlie\u00dflich Fertigung und Energiemanagement. Diese Konnektivit\u00e4t erm\u00f6glicht die Datenerfassung, den Austausch und die Analyse, was potenziell zu Verbesserungen bei Produktivit\u00e4t, Effizienz und anderen wirtschaftlichen Vorteilen f\u00fchrt. <\/p>\n<p style=\"text-align: justify;\">Die intelligenten IoT-Systeme erm\u00f6glichen die schnelle Herstellung neuer Produkte, eine dynamische Reaktion auf Produktanforderungen und die Echtzeitoptimierung der Produktions- und Lieferkettennetzwerke, indem Maschinen, Sensoren und Steuerungssysteme miteinander vernetzt werden.<\/p>\n<\/div><div class=\"fusion-image-element fusion-image-align-center in-legacy-container\" style=\"text-align:center;--awb-caption-title-font-family:var(--h2_typography-font-family);--awb-caption-title-font-weight:var(--h2_typography-font-weight);--awb-caption-title-font-style:var(--h2_typography-font-style);--awb-caption-title-size:var(--h2_typography-font-size);--awb-caption-title-transform:var(--h2_typography-text-transform);--awb-caption-title-line-height:var(--h2_typography-line-height);--awb-caption-title-letter-spacing:var(--h2_typography-letter-spacing);\"><div class=\"imageframe-align-center\"><span class=\" fusion-imageframe imageframe-none imageframe-2 hover-type-none\"><img decoding=\"async\" width=\"1024\" height=\"559\" title=\"treonblow\" src=\"https:\/\/tekniseri.com\/wp-content\/uploads\/2020\/06\/treonblow-1024x559.png\" alt class=\"img-responsive wp-image-2732\" srcset=\"https:\/\/tekniseri.de\/wp-content\/uploads\/2020\/06\/treonblow-200x109.png 200w, https:\/\/tekniseri.de\/wp-content\/uploads\/2020\/06\/treonblow-400x218.png 400w, https:\/\/tekniseri.de\/wp-content\/uploads\/2020\/06\/treonblow-600x327.png 600w, https:\/\/tekniseri.de\/wp-content\/uploads\/2020\/06\/treonblow-800x437.png 800w, https:\/\/tekniseri.de\/wp-content\/uploads\/2020\/06\/treonblow-1200x655.png 1200w, https:\/\/tekniseri.de\/wp-content\/uploads\/2020\/06\/treonblow.png 1600w\" sizes=\"(max-width: 800px) 100vw, 1024px\" \/><\/span><\/div><\/div><div class=\"fusion-text fusion-text-2\"><p style=\"text-align: justify;\">Treon entwickelt sowohl Hardware als auch Software f\u00fcr intelligente und vernetzte IoT-Produkte, die Bewegungen von Anlagen, Temperatur, Luftfeuchtigkeit, Druck und Licht erfassen und \u00fcberwachen k\u00f6nnen sowie Daten erfassen, verarbeiten und zur weiteren Nutzung in die Cloud \u00fcbertragen. Diese Daten k\u00f6nnen genutzt werden, um Effizienz, Sicherheit und Produktivit\u00e4t in verschiedenen Einrichtungen zu steigern \u2013 von der Industrie \u00fcber intelligente Geb\u00e4ude bis hin zu B\u00fcros, K\u00fchlh\u00e4usern und Logistikketten. <\/p>\n<p style=\"text-align: justify;\">Tekniseri ist Produktionspartner von Treon und fertigt \u00dcberlagerungen f\u00fcr Treon-Knotenpunkte und -Sensoren. IoT-Produkte sind schwierigen und wechselnden Produktions- und Lagerbedingungen ausgesetzt \u2013 von Frosttemperaturen bis hin zu hoher Luftfeuchtigkeit und Hitze in kalten Lagern oder Metallwerkst\u00e4tten. Diese Bedingungen erfordern \u00dcberlagerungsmaterialien, Farben und Klebstoffe, die wiederholter Belastung und Temperaturschwankungen standhalten. Tekniseri verf\u00fcgt \u00fcber langj\u00e4hrige Erfahrung und gute Verbindungen zu renommierten Materialherstellern und kann daher Materialqualit\u00e4t, Konsistenz und Verf\u00fcgbarkeit unter allen Umst\u00e4nden garantieren. Die Produkte werden genau nach Kundenspezifikation hergestellt, und das Fertigungsverfahren wird exakt auf die jeweilige Anwendung abgestimmt.     <\/p>\n<p style=\"text-align: justify;\">Um mehr \u00fcber Treon zu erfahren, klicken Sie bitte hier.: <em><a href=\"https:\/\/www.treon.fi\/\">Treon.fi.<\/a><\/em><\/p>\n<\/div><div class=\"fusion-clearfix\"><\/div><\/div><\/div><\/div><\/div>\n","protected":false},"excerpt":{"rendered":"","protected":false},"author":1,"featured_media":0,"parent":2768,"menu_order":0,"comment_status":"closed","ping_status":"closed","template":"","meta":{"footnotes":""},"class_list":["post-2733","page","type-page","status-publish","hentry"],"yoast_head":"<!-- This site is optimized with the Yoast SEO plugin v27.3 - https:\/\/yoast.com\/product\/yoast-seo-wordpress\/ -->\n<title>Treon &#187; Tekniseri<\/title>\n<meta name=\"robots\" content=\"index, follow, max-snippet:-1, max-image-preview:large, max-video-preview:-1\" \/>\n<link rel=\"canonical\" href=\"https:\/\/tekniseri.de\/?page_id=2733\" \/>\n<meta property=\"og:locale\" content=\"de_DE\" \/>\n<meta property=\"og:type\" content=\"article\" \/>\n<meta property=\"og:title\" content=\"Treon &#187; Tekniseri\" \/>\n<meta property=\"og:url\" content=\"https:\/\/tekniseri.de\/?page_id=2733\" \/>\n<meta property=\"og:site_name\" content=\"Tekniseri\" \/>\n<meta property=\"article:publisher\" content=\"https:\/\/www.facebook.com\/tekniseri\/\" \/>\n<meta property=\"article:modified_time\" content=\"2026-02-06T14:28:11+00:00\" \/>\n<meta name=\"twitter:card\" content=\"summary_large_image\" \/>\n<meta name=\"twitter:label1\" content=\"Gesch\u00e4tzte Lesezeit\" \/>\n\t<meta name=\"twitter:data1\" content=\"4\u00a0Minuten\" \/>\n<script type=\"application\/ld+json\" class=\"yoast-schema-graph\">{\"@context\":\"https:\\\/\\\/schema.org\",\"@graph\":[{\"@type\":\"WebPage\",\"@id\":\"https:\\\/\\\/tekniseri.de\\\/?page_id=2733\",\"url\":\"https:\\\/\\\/tekniseri.de\\\/?page_id=2733\",\"name\":\"Treon &#187; Tekniseri\",\"isPartOf\":{\"@id\":\"https:\\\/\\\/tekniseri.de\\\/#website\"},\"datePublished\":\"2026-02-06T13:57:57+00:00\",\"dateModified\":\"2026-02-06T14:28:11+00:00\",\"breadcrumb\":{\"@id\":\"https:\\\/\\\/tekniseri.de\\\/?page_id=2733#breadcrumb\"},\"inLanguage\":\"de\",\"potentialAction\":[{\"@type\":\"ReadAction\",\"target\":[\"https:\\\/\\\/tekniseri.de\\\/?page_id=2733\"]}]},{\"@type\":\"BreadcrumbList\",\"@id\":\"https:\\\/\\\/tekniseri.de\\\/?page_id=2733#breadcrumb\",\"itemListElement\":[{\"@type\":\"ListItem\",\"position\":1,\"name\":\"Home\",\"item\":\"https:\\\/\\\/tekniseri.de\\\/\"},{\"@type\":\"ListItem\",\"position\":2,\"name\":\"Referenzen\",\"item\":\"https:\\\/\\\/tekniseri.de\\\/?page_id=2768\"},{\"@type\":\"ListItem\",\"position\":3,\"name\":\"Treon\"}]},{\"@type\":\"WebSite\",\"@id\":\"https:\\\/\\\/tekniseri.de\\\/#website\",\"url\":\"https:\\\/\\\/tekniseri.de\\\/\",\"name\":\"Tekniseri\",\"description\":\"\",\"publisher\":{\"@id\":\"https:\\\/\\\/tekniseri.de\\\/#organization\"},\"potentialAction\":[{\"@type\":\"SearchAction\",\"target\":{\"@type\":\"EntryPoint\",\"urlTemplate\":\"https:\\\/\\\/tekniseri.de\\\/?s={search_term_string}\"},\"query-input\":{\"@type\":\"PropertyValueSpecification\",\"valueRequired\":true,\"valueName\":\"search_term_string\"}}],\"inLanguage\":\"de\"},{\"@type\":\"Organization\",\"@id\":\"https:\\\/\\\/tekniseri.de\\\/#organization\",\"name\":\"Tekniseri\",\"url\":\"https:\\\/\\\/tekniseri.de\\\/\",\"logo\":{\"@type\":\"ImageObject\",\"inLanguage\":\"de\",\"@id\":\"https:\\\/\\\/tekniseri.de\\\/#\\\/schema\\\/logo\\\/image\\\/\",\"url\":\"https:\\\/\\\/tekniseri.de\\\/wp-content\\\/uploads\\\/2023\\\/01\\\/Tekniseri-Logo-2023.jpg\",\"contentUrl\":\"https:\\\/\\\/tekniseri.de\\\/wp-content\\\/uploads\\\/2023\\\/01\\\/Tekniseri-Logo-2023.jpg\",\"width\":2422,\"height\":356,\"caption\":\"Tekniseri\"},\"image\":{\"@id\":\"https:\\\/\\\/tekniseri.de\\\/#\\\/schema\\\/logo\\\/image\\\/\"},\"sameAs\":[\"https:\\\/\\\/www.facebook.com\\\/tekniseri\\\/\",\"https:\\\/\\\/linkedin.com\\\/company\\\/tekniseri\"]}]}<\/script>\n<!-- \/ Yoast SEO plugin. -->","yoast_head_json":{"title":"Treon &#187; Tekniseri","robots":{"index":"index","follow":"follow","max-snippet":"max-snippet:-1","max-image-preview":"max-image-preview:large","max-video-preview":"max-video-preview:-1"},"canonical":"https:\/\/tekniseri.de\/?page_id=2733","og_locale":"de_DE","og_type":"article","og_title":"Treon &#187; Tekniseri","og_url":"https:\/\/tekniseri.de\/?page_id=2733","og_site_name":"Tekniseri","article_publisher":"https:\/\/www.facebook.com\/tekniseri\/","article_modified_time":"2026-02-06T14:28:11+00:00","twitter_card":"summary_large_image","twitter_misc":{"Gesch\u00e4tzte Lesezeit":"4\u00a0Minuten"},"schema":{"@context":"https:\/\/schema.org","@graph":[{"@type":"WebPage","@id":"https:\/\/tekniseri.de\/?page_id=2733","url":"https:\/\/tekniseri.de\/?page_id=2733","name":"Treon &#187; Tekniseri","isPartOf":{"@id":"https:\/\/tekniseri.de\/#website"},"datePublished":"2026-02-06T13:57:57+00:00","dateModified":"2026-02-06T14:28:11+00:00","breadcrumb":{"@id":"https:\/\/tekniseri.de\/?page_id=2733#breadcrumb"},"inLanguage":"de","potentialAction":[{"@type":"ReadAction","target":["https:\/\/tekniseri.de\/?page_id=2733"]}]},{"@type":"BreadcrumbList","@id":"https:\/\/tekniseri.de\/?page_id=2733#breadcrumb","itemListElement":[{"@type":"ListItem","position":1,"name":"Home","item":"https:\/\/tekniseri.de\/"},{"@type":"ListItem","position":2,"name":"Referenzen","item":"https:\/\/tekniseri.de\/?page_id=2768"},{"@type":"ListItem","position":3,"name":"Treon"}]},{"@type":"WebSite","@id":"https:\/\/tekniseri.de\/#website","url":"https:\/\/tekniseri.de\/","name":"Tekniseri","description":"","publisher":{"@id":"https:\/\/tekniseri.de\/#organization"},"potentialAction":[{"@type":"SearchAction","target":{"@type":"EntryPoint","urlTemplate":"https:\/\/tekniseri.de\/?s={search_term_string}"},"query-input":{"@type":"PropertyValueSpecification","valueRequired":true,"valueName":"search_term_string"}}],"inLanguage":"de"},{"@type":"Organization","@id":"https:\/\/tekniseri.de\/#organization","name":"Tekniseri","url":"https:\/\/tekniseri.de\/","logo":{"@type":"ImageObject","inLanguage":"de","@id":"https:\/\/tekniseri.de\/#\/schema\/logo\/image\/","url":"https:\/\/tekniseri.de\/wp-content\/uploads\/2023\/01\/Tekniseri-Logo-2023.jpg","contentUrl":"https:\/\/tekniseri.de\/wp-content\/uploads\/2023\/01\/Tekniseri-Logo-2023.jpg","width":2422,"height":356,"caption":"Tekniseri"},"image":{"@id":"https:\/\/tekniseri.de\/#\/schema\/logo\/image\/"},"sameAs":["https:\/\/www.facebook.com\/tekniseri\/","https:\/\/linkedin.com\/company\/tekniseri"]}]}},"_links":{"self":[{"href":"https:\/\/tekniseri.de\/index.php?rest_route=\/wp\/v2\/pages\/2733","targetHints":{"allow":["GET"]}}],"collection":[{"href":"https:\/\/tekniseri.de\/index.php?rest_route=\/wp\/v2\/pages"}],"about":[{"href":"https:\/\/tekniseri.de\/index.php?rest_route=\/wp\/v2\/types\/page"}],"author":[{"embeddable":true,"href":"https:\/\/tekniseri.de\/index.php?rest_route=\/wp\/v2\/users\/1"}],"replies":[{"embeddable":true,"href":"https:\/\/tekniseri.de\/index.php?rest_route=%2Fwp%2Fv2%2Fcomments&post=2733"}],"version-history":[{"count":3,"href":"https:\/\/tekniseri.de\/index.php?rest_route=\/wp\/v2\/pages\/2733\/revisions"}],"predecessor-version":[{"id":2736,"href":"https:\/\/tekniseri.de\/index.php?rest_route=\/wp\/v2\/pages\/2733\/revisions\/2736"}],"up":[{"embeddable":true,"href":"https:\/\/tekniseri.de\/index.php?rest_route=\/wp\/v2\/pages\/2768"}],"wp:attachment":[{"href":"https:\/\/tekniseri.de\/index.php?rest_route=%2Fwp%2Fv2%2Fmedia&parent=2733"}],"curies":[{"name":"wp","href":"https:\/\/api.w.org\/{rel}","templated":true}]}}