{"id":2727,"date":"2026-02-06T16:55:44","date_gmt":"2026-02-06T13:55:44","guid":{"rendered":"https:\/\/tekniseri.com\/?page_id=2727"},"modified":"2026-02-06T17:28:11","modified_gmt":"2026-02-06T14:28:11","slug":"9solutions","status":"publish","type":"page","link":"https:\/\/tekniseri.de\/?page_id=2727","title":{"rendered":"9Solutions"},"content":{"rendered":"<div class=\"fusion-fullwidth fullwidth-box fusion-builder-row-1 nonhundred-percent-fullwidth non-hundred-percent-height-scrolling\" style=\"--awb-border-radius-top-left:0px;--awb-border-radius-top-right:0px;--awb-border-radius-bottom-right:0px;--awb-border-radius-bottom-left:0px;--awb-flex-wrap:wrap;\" ><div class=\"fusion-builder-row fusion-row\"><div class=\"fusion-layout-column fusion_builder_column fusion-builder-column-0 fusion_builder_column_1_1 1_1 fusion-one-full fusion-column-first fusion-column-last\" style=\"--awb-bg-size:cover;\"><div class=\"fusion-column-wrapper fusion-column-has-shadow fusion-flex-column-wrapper-legacy\"><div class=\"fusion-image-element fusion-image-align-center in-legacy-container\" style=\"text-align:center;--awb-caption-title-font-family:var(--h2_typography-font-family);--awb-caption-title-font-weight:var(--h2_typography-font-weight);--awb-caption-title-font-style:var(--h2_typography-font-style);--awb-caption-title-size:var(--h2_typography-font-size);--awb-caption-title-transform:var(--h2_typography-text-transform);--awb-caption-title-line-height:var(--h2_typography-line-height);--awb-caption-title-letter-spacing:var(--h2_typography-letter-spacing);\"><div class=\"imageframe-align-center\"><span class=\" fusion-imageframe imageframe-none imageframe-1 hover-type-none\"><img decoding=\"async\" width=\"1024\" height=\"580\" title=\"4E5A3450\" src=\"https:\/\/tekniseri.com\/wp-content\/uploads\/2020\/05\/4E5A3450-e1590581618773-1024x580.jpg\" alt class=\"img-responsive wp-image-2710\"\/><\/span><\/div><\/div><div class=\"fusion-text fusion-text-1\"><h3 style=\"text-align: center;\"><span class=\"TextRun SCXW34319449 BCX0\" lang=\"EN-US\" xml:lang=\"EN-US\" data-contrast=\"auto\"><span class=\"NormalTextRun SCXW34319449 BCX0\">Plug &amp; Play Rufsysteme f\u00fcr Pflegeeinrichtungen von 9Solutions<\/span><\/span><span class=\"EOP SCXW34319449 BCX0\" data-ccp-props=\"{\"> <\/span><\/h3>\n<p style=\"text-align: justify;\"><span class=\"TextRun SCXW199618633 BCX0\" lang=\"EN-US\" xml:lang=\"EN-US\" data-contrast=\"auto\"><span class=\"NormalTextRun SCXW199618633 BCX0\">Die Kommunikationstechnologie entwickelt sich auch im Gesundheitswesen weiter. Das Rufsystem von 9Solutions hat Krankenh\u00e4usern und medizinischen Einrichtungen dabei geholfen, eine sofortige Kommunikation zu erm\u00f6glichen, sodass das richtige Personal unmittelbar kontaktiert werden kann. Es ist entscheidend, dass Pflegekr\u00e4fte sofort verf\u00fcgbar sind, wenn \u00c4rzte oder Patienten sie ben\u00f6tigen. <\/span><\/span>9Solutions ist Finnlands f\u00fchrender Anbieter von sicherheits-, kommunikations- und pflegebezogenen L\u00f6sungen auf Basis von Innenraum-Lokalisierung. Das System von 9Solutions wird in Pflegeheimen, Krankenh\u00e4usern, Gesundheitszentren und der h\u00e4uslichen Pflege eingesetzt. Die L\u00f6sung besteht aus drei Komponenten: einem mobilen Rufger\u00e4t, das Patienten f\u00fcr dringende oder weniger dringende Anfragen verwenden k\u00f6nnen, einem Raumterminal, das eine Sprachverbindung zwischen Pflegepersonal und Patient erm\u00f6glicht, und einer mobilen App, mit der Pflegekr\u00e4fte Alarme verwalten und mit Patienten aus der Ferne kommunizieren k\u00f6nnen.<\/p>\n<\/div><div class=\"fusion-image-element fusion-image-align-center in-legacy-container\" style=\"text-align:center;--awb-caption-title-font-family:var(--h2_typography-font-family);--awb-caption-title-font-weight:var(--h2_typography-font-weight);--awb-caption-title-font-style:var(--h2_typography-font-style);--awb-caption-title-size:var(--h2_typography-font-size);--awb-caption-title-transform:var(--h2_typography-text-transform);--awb-caption-title-line-height:var(--h2_typography-line-height);--awb-caption-title-letter-spacing:var(--h2_typography-letter-spacing);\"><div class=\"imageframe-align-center\"><span class=\" fusion-imageframe imageframe-none imageframe-2 hover-type-none\"><img decoding=\"async\" width=\"1024\" height=\"541\" title=\"9solutions\" src=\"https:\/\/tekniseri.com\/wp-content\/uploads\/2020\/05\/9solutions-1024x541.png\" alt class=\"img-responsive wp-image-2726\" srcset=\"https:\/\/tekniseri.de\/wp-content\/uploads\/2020\/05\/9solutions-200x106.png 200w, https:\/\/tekniseri.de\/wp-content\/uploads\/2020\/05\/9solutions-400x211.png 400w, https:\/\/tekniseri.de\/wp-content\/uploads\/2020\/05\/9solutions-600x317.png 600w, https:\/\/tekniseri.de\/wp-content\/uploads\/2020\/05\/9solutions-800x423.png 800w, https:\/\/tekniseri.de\/wp-content\/uploads\/2020\/05\/9solutions-1200x634.png 1200w, https:\/\/tekniseri.de\/wp-content\/uploads\/2020\/05\/9solutions.png 1600w\" sizes=\"(max-width: 800px) 100vw, 1024px\" \/><\/span><\/div><\/div><div class=\"fusion-text fusion-text-2\"><p style=\"text-align: justify;\">Tekniseri ist Partner von 9Solutions und fertigt \u00dcberlagerungen f\u00fcr Bedienfelder in den Rufsystemen. Die \u00dcberlagerungen bestehen aus hochwertigem strukturiertem Polyesterfilm, der f\u00fcr Anwendungen entwickelt wurde, die eine Kombination aus hoher Abriebfestigkeit und Flexibilit\u00e4t erfordern, wie z.\u202fB. Steuerungspaneele, \u00dcberlagerungen und gepr\u00e4gte Folientastaturen. Die \u00dcberlagerungen werden auf der R\u00fcckseite des Polyesterfilms <br \/>im Siebdruckverfahren bedruckt, was einen hervorragenden Schutz vor Abnutzung, St\u00f6\u00dfen und Einwirkungen gew\u00e4hrleistet. Laserschneiden und Pr\u00e4gung garantieren eine hochwertige Verarbeitung und ein angenehmes Ber\u00fchrungsgef\u00fchl des Produkts.<\/p>\n<p>Um mehr \u00fcber 9Solutions zu erfahren, klicken Sie bitte hier.: <em><a href=\"https:\/\/9solutions.com\/\">9Solutions.com.<\/a><\/em><\/p>\n<\/div><div class=\"fusion-clearfix\"><\/div><\/div><\/div><\/div><\/div>\n","protected":false},"excerpt":{"rendered":"","protected":false},"author":1,"featured_media":0,"parent":2768,"menu_order":0,"comment_status":"closed","ping_status":"closed","template":"100-width.php","meta":{"footnotes":""},"class_list":["post-2727","page","type-page","status-publish","hentry"],"yoast_head":"<!-- This site is optimized with the Yoast SEO plugin v27.3 - https:\/\/yoast.com\/product\/yoast-seo-wordpress\/ -->\n<title>9Solutions &#187; Tekniseri<\/title>\n<meta name=\"robots\" content=\"index, follow, max-snippet:-1, max-image-preview:large, max-video-preview:-1\" \/>\n<link rel=\"canonical\" href=\"https:\/\/tekniseri.de\/?page_id=2727\" \/>\n<meta property=\"og:locale\" content=\"de_DE\" \/>\n<meta property=\"og:type\" content=\"article\" \/>\n<meta property=\"og:title\" content=\"9Solutions &#187; Tekniseri\" \/>\n<meta property=\"og:url\" content=\"https:\/\/tekniseri.de\/?page_id=2727\" \/>\n<meta property=\"og:site_name\" content=\"Tekniseri\" \/>\n<meta property=\"article:publisher\" content=\"https:\/\/www.facebook.com\/tekniseri\/\" \/>\n<meta property=\"article:modified_time\" content=\"2026-02-06T14:28:11+00:00\" \/>\n<meta name=\"twitter:card\" content=\"summary_large_image\" \/>\n<meta name=\"twitter:label1\" content=\"Gesch\u00e4tzte Lesezeit\" \/>\n\t<meta name=\"twitter:data1\" content=\"4\u00a0Minuten\" \/>\n<script type=\"application\/ld+json\" class=\"yoast-schema-graph\">{\"@context\":\"https:\\\/\\\/schema.org\",\"@graph\":[{\"@type\":\"WebPage\",\"@id\":\"https:\\\/\\\/tekniseri.de\\\/?page_id=2727\",\"url\":\"https:\\\/\\\/tekniseri.de\\\/?page_id=2727\",\"name\":\"9Solutions &#187; Tekniseri\",\"isPartOf\":{\"@id\":\"https:\\\/\\\/tekniseri.de\\\/#website\"},\"datePublished\":\"2026-02-06T13:55:44+00:00\",\"dateModified\":\"2026-02-06T14:28:11+00:00\",\"breadcrumb\":{\"@id\":\"https:\\\/\\\/tekniseri.de\\\/?page_id=2727#breadcrumb\"},\"inLanguage\":\"de\",\"potentialAction\":[{\"@type\":\"ReadAction\",\"target\":[\"https:\\\/\\\/tekniseri.de\\\/?page_id=2727\"]}]},{\"@type\":\"BreadcrumbList\",\"@id\":\"https:\\\/\\\/tekniseri.de\\\/?page_id=2727#breadcrumb\",\"itemListElement\":[{\"@type\":\"ListItem\",\"position\":1,\"name\":\"Home\",\"item\":\"https:\\\/\\\/tekniseri.de\\\/\"},{\"@type\":\"ListItem\",\"position\":2,\"name\":\"Referenzen\",\"item\":\"https:\\\/\\\/tekniseri.de\\\/?page_id=2768\"},{\"@type\":\"ListItem\",\"position\":3,\"name\":\"9Solutions\"}]},{\"@type\":\"WebSite\",\"@id\":\"https:\\\/\\\/tekniseri.de\\\/#website\",\"url\":\"https:\\\/\\\/tekniseri.de\\\/\",\"name\":\"Tekniseri\",\"description\":\"\",\"publisher\":{\"@id\":\"https:\\\/\\\/tekniseri.de\\\/#organization\"},\"potentialAction\":[{\"@type\":\"SearchAction\",\"target\":{\"@type\":\"EntryPoint\",\"urlTemplate\":\"https:\\\/\\\/tekniseri.de\\\/?s={search_term_string}\"},\"query-input\":{\"@type\":\"PropertyValueSpecification\",\"valueRequired\":true,\"valueName\":\"search_term_string\"}}],\"inLanguage\":\"de\"},{\"@type\":\"Organization\",\"@id\":\"https:\\\/\\\/tekniseri.de\\\/#organization\",\"name\":\"Tekniseri\",\"url\":\"https:\\\/\\\/tekniseri.de\\\/\",\"logo\":{\"@type\":\"ImageObject\",\"inLanguage\":\"de\",\"@id\":\"https:\\\/\\\/tekniseri.de\\\/#\\\/schema\\\/logo\\\/image\\\/\",\"url\":\"https:\\\/\\\/tekniseri.de\\\/wp-content\\\/uploads\\\/2023\\\/01\\\/Tekniseri-Logo-2023.jpg\",\"contentUrl\":\"https:\\\/\\\/tekniseri.de\\\/wp-content\\\/uploads\\\/2023\\\/01\\\/Tekniseri-Logo-2023.jpg\",\"width\":2422,\"height\":356,\"caption\":\"Tekniseri\"},\"image\":{\"@id\":\"https:\\\/\\\/tekniseri.de\\\/#\\\/schema\\\/logo\\\/image\\\/\"},\"sameAs\":[\"https:\\\/\\\/www.facebook.com\\\/tekniseri\\\/\",\"https:\\\/\\\/linkedin.com\\\/company\\\/tekniseri\"]}]}<\/script>\n<!-- \/ Yoast SEO plugin. -->","yoast_head_json":{"title":"9Solutions &#187; Tekniseri","robots":{"index":"index","follow":"follow","max-snippet":"max-snippet:-1","max-image-preview":"max-image-preview:large","max-video-preview":"max-video-preview:-1"},"canonical":"https:\/\/tekniseri.de\/?page_id=2727","og_locale":"de_DE","og_type":"article","og_title":"9Solutions &#187; Tekniseri","og_url":"https:\/\/tekniseri.de\/?page_id=2727","og_site_name":"Tekniseri","article_publisher":"https:\/\/www.facebook.com\/tekniseri\/","article_modified_time":"2026-02-06T14:28:11+00:00","twitter_card":"summary_large_image","twitter_misc":{"Gesch\u00e4tzte Lesezeit":"4\u00a0Minuten"},"schema":{"@context":"https:\/\/schema.org","@graph":[{"@type":"WebPage","@id":"https:\/\/tekniseri.de\/?page_id=2727","url":"https:\/\/tekniseri.de\/?page_id=2727","name":"9Solutions &#187; Tekniseri","isPartOf":{"@id":"https:\/\/tekniseri.de\/#website"},"datePublished":"2026-02-06T13:55:44+00:00","dateModified":"2026-02-06T14:28:11+00:00","breadcrumb":{"@id":"https:\/\/tekniseri.de\/?page_id=2727#breadcrumb"},"inLanguage":"de","potentialAction":[{"@type":"ReadAction","target":["https:\/\/tekniseri.de\/?page_id=2727"]}]},{"@type":"BreadcrumbList","@id":"https:\/\/tekniseri.de\/?page_id=2727#breadcrumb","itemListElement":[{"@type":"ListItem","position":1,"name":"Home","item":"https:\/\/tekniseri.de\/"},{"@type":"ListItem","position":2,"name":"Referenzen","item":"https:\/\/tekniseri.de\/?page_id=2768"},{"@type":"ListItem","position":3,"name":"9Solutions"}]},{"@type":"WebSite","@id":"https:\/\/tekniseri.de\/#website","url":"https:\/\/tekniseri.de\/","name":"Tekniseri","description":"","publisher":{"@id":"https:\/\/tekniseri.de\/#organization"},"potentialAction":[{"@type":"SearchAction","target":{"@type":"EntryPoint","urlTemplate":"https:\/\/tekniseri.de\/?s={search_term_string}"},"query-input":{"@type":"PropertyValueSpecification","valueRequired":true,"valueName":"search_term_string"}}],"inLanguage":"de"},{"@type":"Organization","@id":"https:\/\/tekniseri.de\/#organization","name":"Tekniseri","url":"https:\/\/tekniseri.de\/","logo":{"@type":"ImageObject","inLanguage":"de","@id":"https:\/\/tekniseri.de\/#\/schema\/logo\/image\/","url":"https:\/\/tekniseri.de\/wp-content\/uploads\/2023\/01\/Tekniseri-Logo-2023.jpg","contentUrl":"https:\/\/tekniseri.de\/wp-content\/uploads\/2023\/01\/Tekniseri-Logo-2023.jpg","width":2422,"height":356,"caption":"Tekniseri"},"image":{"@id":"https:\/\/tekniseri.de\/#\/schema\/logo\/image\/"},"sameAs":["https:\/\/www.facebook.com\/tekniseri\/","https:\/\/linkedin.com\/company\/tekniseri"]}]}},"_links":{"self":[{"href":"https:\/\/tekniseri.de\/index.php?rest_route=\/wp\/v2\/pages\/2727","targetHints":{"allow":["GET"]}}],"collection":[{"href":"https:\/\/tekniseri.de\/index.php?rest_route=\/wp\/v2\/pages"}],"about":[{"href":"https:\/\/tekniseri.de\/index.php?rest_route=\/wp\/v2\/types\/page"}],"author":[{"embeddable":true,"href":"https:\/\/tekniseri.de\/index.php?rest_route=\/wp\/v2\/users\/1"}],"replies":[{"embeddable":true,"href":"https:\/\/tekniseri.de\/index.php?rest_route=%2Fwp%2Fv2%2Fcomments&post=2727"}],"version-history":[{"count":3,"href":"https:\/\/tekniseri.de\/index.php?rest_route=\/wp\/v2\/pages\/2727\/revisions"}],"predecessor-version":[{"id":2730,"href":"https:\/\/tekniseri.de\/index.php?rest_route=\/wp\/v2\/pages\/2727\/revisions\/2730"}],"up":[{"embeddable":true,"href":"https:\/\/tekniseri.de\/index.php?rest_route=\/wp\/v2\/pages\/2768"}],"wp:attachment":[{"href":"https:\/\/tekniseri.de\/index.php?rest_route=%2Fwp%2Fv2%2Fmedia&parent=2727"}],"curies":[{"name":"wp","href":"https:\/\/api.w.org\/{rel}","templated":true}]}}