{"id":2721,"date":"2026-02-06T16:45:53","date_gmt":"2026-02-06T13:45:53","guid":{"rendered":"https:\/\/tekniseri.com\/?page_id=2721"},"modified":"2026-02-06T16:48:09","modified_gmt":"2026-02-06T13:48:09","slug":"unternehmen","status":"publish","type":"page","link":"https:\/\/tekniseri.de\/?page_id=2721","title":{"rendered":"Unternehmen"},"content":{"rendered":"<div class=\"fusion-fullwidth fullwidth-box fusion-builder-row-1 nonhundred-percent-fullwidth non-hundred-percent-height-scrolling\" style=\"--awb-border-radius-top-left:0px;--awb-border-radius-top-right:0px;--awb-border-radius-bottom-right:0px;--awb-border-radius-bottom-left:0px;--awb-flex-wrap:wrap;\" ><div class=\"fusion-builder-row fusion-row\"><div class=\"fusion-layout-column fusion_builder_column fusion-builder-column-0 fusion_builder_column_1_1 1_1 fusion-one-full fusion-column-first fusion-column-last\" style=\"--awb-bg-size:cover;\"><div class=\"fusion-column-wrapper fusion-column-has-shadow fusion-flex-column-wrapper-legacy\"><div class=\"fusion-text fusion-text-1\"><h3 style=\"text-align: center;\">Unternehmen<\/h3>\n<p style=\"text-align: justify;\">Die Geschichte von Tekniseri reicht bis ins Jahr 1985 zur\u00fcck, als das Unternehmen in Finnland registriert wurde und Druckdienstleistungen f\u00fcr Industriegiganten wie ABB, Ericsson und Nokia anbot.<br \/>\nSeitdem beliefert Tekniseri Kunden aus der Industrie mit grafischen Produkten und unterst\u00fctzt sie bei der Gestaltung und Fertigung. Im Laufe der Jahre wurden mehrere Fusionen und \u00dcbernahmen durchgef\u00fchrt, womit verschiedene Unternehmen eingegliedert wurden. Ehemalige Firmen wie CAD-Seri Oy, Seri-Teksti, Lisa-Print, Seritoimi, Eloksointi Oy, Moniseri, Scanfil Mekaniikkapaino und Galvano sind heute unter der Marke Tekniseri vereint. Das heutige Gesch\u00e4ftsmodell \u2013 industrielle Kunden mit h\u00f6chsten Anforderungen an Qualit\u00e4t und Zuverl\u00e4ssigkeit zu bedienen \u2013 hat sich \u00fcber Jahrzehnte in der Druckbranche etabliert.<\/p>\n<\/div><div class=\"fusion-text fusion-text-2\"><p style=\"text-align: justify;\">Die Strategie von Tekniseri ist es, industriellen Kunden das Managen von Kennzeichnungs- und Isolationsprodukten so einfach und effizient wie m\u00f6glich zu machen. Das Servicekonzept basiert auf einer partnerschaftlichen Zusammenarbeit mit dem Kunden, um alle L\u00f6sungen und Dienstleistungen aus einer Hand anzubieten. Heute bedient Tekniseri seine Kunden \u00fcber vier Standorte: Produktionsst\u00e4tten in Finnland (Kempele, Pori und Rauma), China (Suzhou) und Schweden (Link\u00f6ping).<\/p>\n<\/div><div class=\"fusion-clearfix\"><\/div><\/div><\/div><div class=\"fusion-layout-column fusion_builder_column fusion-builder-column-1 fusion_builder_column_1_3 1_3 fusion-one-third fusion-column-first\" style=\"--awb-bg-size:cover;width:33.333333333333%;width:calc(33.333333333333% - ( ( 4% + 4% ) * 0.33333333333333 ) );margin-right: 4%;\"><div class=\"fusion-column-wrapper fusion-column-has-shadow fusion-flex-column-wrapper-legacy\"><div class=\"fusion-image-element fusion-image-align-center in-legacy-container\" style=\"text-align:center;--awb-caption-title-font-family:var(--h2_typography-font-family);--awb-caption-title-font-weight:var(--h2_typography-font-weight);--awb-caption-title-font-style:var(--h2_typography-font-style);--awb-caption-title-size:var(--h2_typography-font-size);--awb-caption-title-transform:var(--h2_typography-text-transform);--awb-caption-title-line-height:var(--h2_typography-line-height);--awb-caption-title-letter-spacing:var(--h2_typography-letter-spacing);\"><div class=\"imageframe-align-center\"><span class=\" fusion-imageframe imageframe-none imageframe-1 hover-type-none\"><img decoding=\"async\" width=\"2432\" height=\"1445\" title=\"IMG_3769\" src=\"https:\/\/tekniseri.com\/wp-content\/uploads\/2020\/07\/IMG_3769-scaled-e1594984922176.jpg\" alt class=\"img-responsive wp-image-2718\" srcset=\"https:\/\/tekniseri.de\/wp-content\/uploads\/2020\/07\/IMG_3769-scaled-e1594984922176-200x119.jpg 200w, https:\/\/tekniseri.de\/wp-content\/uploads\/2020\/07\/IMG_3769-scaled-e1594984922176-400x238.jpg 400w, https:\/\/tekniseri.de\/wp-content\/uploads\/2020\/07\/IMG_3769-scaled-e1594984922176-600x356.jpg 600w, https:\/\/tekniseri.de\/wp-content\/uploads\/2020\/07\/IMG_3769-scaled-e1594984922176-800x475.jpg 800w, https:\/\/tekniseri.de\/wp-content\/uploads\/2020\/07\/IMG_3769-scaled-e1594984922176-1200x713.jpg 1200w, https:\/\/tekniseri.de\/wp-content\/uploads\/2020\/07\/IMG_3769-scaled-e1594984922176.jpg 2432w\" sizes=\"(max-width: 800px) 100vw, 600px\" \/><\/span><\/div><\/div><div class=\"fusion-clearfix\"><\/div><\/div><\/div><div class=\"fusion-layout-column fusion_builder_column fusion-builder-column-2 fusion_builder_column_1_3 1_3 fusion-one-third\" style=\"--awb-bg-size:cover;width:33.333333333333%;width:calc(33.333333333333% - ( ( 4% + 4% ) * 0.33333333333333 ) );margin-right: 4%;\"><div class=\"fusion-column-wrapper fusion-column-has-shadow fusion-flex-column-wrapper-legacy\"><div class=\"fusion-image-element fusion-image-align-center in-legacy-container\" style=\"text-align:center;--awb-caption-title-font-family:var(--h2_typography-font-family);--awb-caption-title-font-weight:var(--h2_typography-font-weight);--awb-caption-title-font-style:var(--h2_typography-font-style);--awb-caption-title-size:var(--h2_typography-font-size);--awb-caption-title-transform:var(--h2_typography-text-transform);--awb-caption-title-line-height:var(--h2_typography-line-height);--awb-caption-title-letter-spacing:var(--h2_typography-letter-spacing);\"><div class=\"imageframe-align-center\"><span class=\" fusion-imageframe imageframe-none imageframe-2 hover-type-none\"><img decoding=\"async\" width=\"2560\" height=\"1491\" title=\"IMG_0453\" src=\"https:\/\/tekniseri.com\/wp-content\/uploads\/2020\/07\/IMG_0453-scaled-e1594989603888.jpg\" alt class=\"img-responsive wp-image-2719\" srcset=\"https:\/\/tekniseri.de\/wp-content\/uploads\/2020\/07\/IMG_0453-scaled-e1594989603888-200x116.jpg 200w, https:\/\/tekniseri.de\/wp-content\/uploads\/2020\/07\/IMG_0453-scaled-e1594989603888-400x233.jpg 400w, https:\/\/tekniseri.de\/wp-content\/uploads\/2020\/07\/IMG_0453-scaled-e1594989603888-600x349.jpg 600w, https:\/\/tekniseri.de\/wp-content\/uploads\/2020\/07\/IMG_0453-scaled-e1594989603888-800x466.jpg 800w, https:\/\/tekniseri.de\/wp-content\/uploads\/2020\/07\/IMG_0453-scaled-e1594989603888-1200x699.jpg 1200w, https:\/\/tekniseri.de\/wp-content\/uploads\/2020\/07\/IMG_0453-scaled-e1594989603888.jpg 2560w\" sizes=\"(max-width: 800px) 100vw, 600px\" \/><\/span><\/div><\/div><div class=\"fusion-clearfix\"><\/div><\/div><\/div><div class=\"fusion-layout-column fusion_builder_column fusion-builder-column-3 fusion_builder_column_1_3 1_3 fusion-one-third fusion-column-last\" style=\"--awb-bg-size:cover;width:33.333333333333%;width:calc(33.333333333333% - ( ( 4% + 4% ) * 0.33333333333333 ) );\"><div class=\"fusion-column-wrapper fusion-column-has-shadow fusion-flex-column-wrapper-legacy\"><div class=\"fusion-image-element in-legacy-container\" style=\"--awb-caption-title-font-family:var(--h2_typography-font-family);--awb-caption-title-font-weight:var(--h2_typography-font-weight);--awb-caption-title-font-style:var(--h2_typography-font-style);--awb-caption-title-size:var(--h2_typography-font-size);--awb-caption-title-transform:var(--h2_typography-text-transform);--awb-caption-title-line-height:var(--h2_typography-line-height);--awb-caption-title-letter-spacing:var(--h2_typography-letter-spacing);\"><span class=\" fusion-imageframe imageframe-none imageframe-3 hover-type-none\"><img decoding=\"async\" width=\"2560\" height=\"1548\" title=\"rpt\" src=\"https:\/\/tekniseri.com\/wp-content\/uploads\/2020\/07\/IMG_20200714_101109-scaled-e1595232363667.jpg\" alt class=\"img-responsive wp-image-2720\" srcset=\"https:\/\/tekniseri.de\/wp-content\/uploads\/2020\/07\/IMG_20200714_101109-scaled-e1595232363667-200x121.jpg 200w, https:\/\/tekniseri.de\/wp-content\/uploads\/2020\/07\/IMG_20200714_101109-scaled-e1595232363667-400x242.jpg 400w, https:\/\/tekniseri.de\/wp-content\/uploads\/2020\/07\/IMG_20200714_101109-scaled-e1595232363667-600x363.jpg 600w, https:\/\/tekniseri.de\/wp-content\/uploads\/2020\/07\/IMG_20200714_101109-scaled-e1595232363667-800x484.jpg 800w, https:\/\/tekniseri.de\/wp-content\/uploads\/2020\/07\/IMG_20200714_101109-scaled-e1595232363667-1200x726.jpg 1200w, https:\/\/tekniseri.de\/wp-content\/uploads\/2020\/07\/IMG_20200714_101109-scaled-e1595232363667.jpg 2560w\" sizes=\"(max-width: 800px) 100vw, 600px\" \/><\/span><\/div><div class=\"fusion-clearfix\"><\/div><\/div><\/div><\/div><\/div>\n","protected":false},"excerpt":{"rendered":"","protected":false},"author":1,"featured_media":0,"parent":0,"menu_order":0,"comment_status":"closed","ping_status":"closed","template":"","meta":{"footnotes":""},"class_list":["post-2721","page","type-page","status-publish","hentry"],"yoast_head":"<!-- This site is optimized with the Yoast SEO plugin v27.3 - https:\/\/yoast.com\/product\/yoast-seo-wordpress\/ -->\n<title>Unternehmen &#187; Tekniseri<\/title>\n<meta name=\"robots\" content=\"index, follow, max-snippet:-1, max-image-preview:large, max-video-preview:-1\" \/>\n<link rel=\"canonical\" href=\"https:\/\/tekniseri.de\/?page_id=2721\" \/>\n<meta property=\"og:locale\" content=\"de_DE\" \/>\n<meta property=\"og:type\" content=\"article\" \/>\n<meta property=\"og:title\" content=\"Unternehmen &#187; Tekniseri\" \/>\n<meta property=\"og:url\" content=\"https:\/\/tekniseri.de\/?page_id=2721\" \/>\n<meta property=\"og:site_name\" content=\"Tekniseri\" \/>\n<meta property=\"article:publisher\" content=\"https:\/\/www.facebook.com\/tekniseri\/\" \/>\n<meta property=\"article:modified_time\" content=\"2026-02-06T13:48:09+00:00\" \/>\n<meta name=\"twitter:card\" content=\"summary_large_image\" \/>\n<meta name=\"twitter:label1\" content=\"Gesch\u00e4tzte Lesezeit\" \/>\n\t<meta name=\"twitter:data1\" content=\"2\u00a0Minuten\" \/>\n<script type=\"application\/ld+json\" class=\"yoast-schema-graph\">{\"@context\":\"https:\\\/\\\/schema.org\",\"@graph\":[{\"@type\":\"WebPage\",\"@id\":\"https:\\\/\\\/tekniseri.de\\\/?page_id=2721\",\"url\":\"https:\\\/\\\/tekniseri.de\\\/?page_id=2721\",\"name\":\"Unternehmen &#187; Tekniseri\",\"isPartOf\":{\"@id\":\"https:\\\/\\\/tekniseri.de\\\/#website\"},\"datePublished\":\"2026-02-06T13:45:53+00:00\",\"dateModified\":\"2026-02-06T13:48:09+00:00\",\"breadcrumb\":{\"@id\":\"https:\\\/\\\/tekniseri.de\\\/?page_id=2721#breadcrumb\"},\"inLanguage\":\"de\",\"potentialAction\":[{\"@type\":\"ReadAction\",\"target\":[\"https:\\\/\\\/tekniseri.de\\\/?page_id=2721\"]}]},{\"@type\":\"BreadcrumbList\",\"@id\":\"https:\\\/\\\/tekniseri.de\\\/?page_id=2721#breadcrumb\",\"itemListElement\":[{\"@type\":\"ListItem\",\"position\":1,\"name\":\"Home\",\"item\":\"https:\\\/\\\/tekniseri.de\\\/\"},{\"@type\":\"ListItem\",\"position\":2,\"name\":\"Unternehmen\"}]},{\"@type\":\"WebSite\",\"@id\":\"https:\\\/\\\/tekniseri.de\\\/#website\",\"url\":\"https:\\\/\\\/tekniseri.de\\\/\",\"name\":\"Tekniseri\",\"description\":\"\",\"publisher\":{\"@id\":\"https:\\\/\\\/tekniseri.de\\\/#organization\"},\"potentialAction\":[{\"@type\":\"SearchAction\",\"target\":{\"@type\":\"EntryPoint\",\"urlTemplate\":\"https:\\\/\\\/tekniseri.de\\\/?s={search_term_string}\"},\"query-input\":{\"@type\":\"PropertyValueSpecification\",\"valueRequired\":true,\"valueName\":\"search_term_string\"}}],\"inLanguage\":\"de\"},{\"@type\":\"Organization\",\"@id\":\"https:\\\/\\\/tekniseri.de\\\/#organization\",\"name\":\"Tekniseri\",\"url\":\"https:\\\/\\\/tekniseri.de\\\/\",\"logo\":{\"@type\":\"ImageObject\",\"inLanguage\":\"de\",\"@id\":\"https:\\\/\\\/tekniseri.de\\\/#\\\/schema\\\/logo\\\/image\\\/\",\"url\":\"https:\\\/\\\/tekniseri.de\\\/wp-content\\\/uploads\\\/2023\\\/01\\\/Tekniseri-Logo-2023.jpg\",\"contentUrl\":\"https:\\\/\\\/tekniseri.de\\\/wp-content\\\/uploads\\\/2023\\\/01\\\/Tekniseri-Logo-2023.jpg\",\"width\":2422,\"height\":356,\"caption\":\"Tekniseri\"},\"image\":{\"@id\":\"https:\\\/\\\/tekniseri.de\\\/#\\\/schema\\\/logo\\\/image\\\/\"},\"sameAs\":[\"https:\\\/\\\/www.facebook.com\\\/tekniseri\\\/\",\"https:\\\/\\\/linkedin.com\\\/company\\\/tekniseri\"]}]}<\/script>\n<!-- \/ Yoast SEO plugin. -->","yoast_head_json":{"title":"Unternehmen &#187; Tekniseri","robots":{"index":"index","follow":"follow","max-snippet":"max-snippet:-1","max-image-preview":"max-image-preview:large","max-video-preview":"max-video-preview:-1"},"canonical":"https:\/\/tekniseri.de\/?page_id=2721","og_locale":"de_DE","og_type":"article","og_title":"Unternehmen &#187; Tekniseri","og_url":"https:\/\/tekniseri.de\/?page_id=2721","og_site_name":"Tekniseri","article_publisher":"https:\/\/www.facebook.com\/tekniseri\/","article_modified_time":"2026-02-06T13:48:09+00:00","twitter_card":"summary_large_image","twitter_misc":{"Gesch\u00e4tzte Lesezeit":"2\u00a0Minuten"},"schema":{"@context":"https:\/\/schema.org","@graph":[{"@type":"WebPage","@id":"https:\/\/tekniseri.de\/?page_id=2721","url":"https:\/\/tekniseri.de\/?page_id=2721","name":"Unternehmen &#187; Tekniseri","isPartOf":{"@id":"https:\/\/tekniseri.de\/#website"},"datePublished":"2026-02-06T13:45:53+00:00","dateModified":"2026-02-06T13:48:09+00:00","breadcrumb":{"@id":"https:\/\/tekniseri.de\/?page_id=2721#breadcrumb"},"inLanguage":"de","potentialAction":[{"@type":"ReadAction","target":["https:\/\/tekniseri.de\/?page_id=2721"]}]},{"@type":"BreadcrumbList","@id":"https:\/\/tekniseri.de\/?page_id=2721#breadcrumb","itemListElement":[{"@type":"ListItem","position":1,"name":"Home","item":"https:\/\/tekniseri.de\/"},{"@type":"ListItem","position":2,"name":"Unternehmen"}]},{"@type":"WebSite","@id":"https:\/\/tekniseri.de\/#website","url":"https:\/\/tekniseri.de\/","name":"Tekniseri","description":"","publisher":{"@id":"https:\/\/tekniseri.de\/#organization"},"potentialAction":[{"@type":"SearchAction","target":{"@type":"EntryPoint","urlTemplate":"https:\/\/tekniseri.de\/?s={search_term_string}"},"query-input":{"@type":"PropertyValueSpecification","valueRequired":true,"valueName":"search_term_string"}}],"inLanguage":"de"},{"@type":"Organization","@id":"https:\/\/tekniseri.de\/#organization","name":"Tekniseri","url":"https:\/\/tekniseri.de\/","logo":{"@type":"ImageObject","inLanguage":"de","@id":"https:\/\/tekniseri.de\/#\/schema\/logo\/image\/","url":"https:\/\/tekniseri.de\/wp-content\/uploads\/2023\/01\/Tekniseri-Logo-2023.jpg","contentUrl":"https:\/\/tekniseri.de\/wp-content\/uploads\/2023\/01\/Tekniseri-Logo-2023.jpg","width":2422,"height":356,"caption":"Tekniseri"},"image":{"@id":"https:\/\/tekniseri.de\/#\/schema\/logo\/image\/"},"sameAs":["https:\/\/www.facebook.com\/tekniseri\/","https:\/\/linkedin.com\/company\/tekniseri"]}]}},"_links":{"self":[{"href":"https:\/\/tekniseri.de\/index.php?rest_route=\/wp\/v2\/pages\/2721","targetHints":{"allow":["GET"]}}],"collection":[{"href":"https:\/\/tekniseri.de\/index.php?rest_route=\/wp\/v2\/pages"}],"about":[{"href":"https:\/\/tekniseri.de\/index.php?rest_route=\/wp\/v2\/types\/page"}],"author":[{"embeddable":true,"href":"https:\/\/tekniseri.de\/index.php?rest_route=\/wp\/v2\/users\/1"}],"replies":[{"embeddable":true,"href":"https:\/\/tekniseri.de\/index.php?rest_route=%2Fwp%2Fv2%2Fcomments&post=2721"}],"version-history":[{"count":4,"href":"https:\/\/tekniseri.de\/index.php?rest_route=\/wp\/v2\/pages\/2721\/revisions"}],"predecessor-version":[{"id":2725,"href":"https:\/\/tekniseri.de\/index.php?rest_route=\/wp\/v2\/pages\/2721\/revisions\/2725"}],"wp:attachment":[{"href":"https:\/\/tekniseri.de\/index.php?rest_route=%2Fwp%2Fv2%2Fmedia&parent=2721"}],"curies":[{"name":"wp","href":"https:\/\/api.w.org\/{rel}","templated":true}]}}