{"id":2695,"date":"2026-02-06T16:36:28","date_gmt":"2026-02-06T13:36:28","guid":{"rendered":"https:\/\/tekniseri.com\/?page_id=2695"},"modified":"2026-02-06T17:09:49","modified_gmt":"2026-02-06T14:09:49","slug":"dienstleistungen","status":"publish","type":"page","link":"https:\/\/tekniseri.de\/?page_id=2695","title":{"rendered":"Dienstleistungen"},"content":{"rendered":"<p><div class=\"fusion-fullwidth fullwidth-box fusion-builder-row-1 nonhundred-percent-fullwidth non-hundred-percent-height-scrolling\" style=\"--awb-border-radius-top-left:0px;--awb-border-radius-top-right:0px;--awb-border-radius-bottom-right:0px;--awb-border-radius-bottom-left:0px;--awb-flex-wrap:wrap;\" ><div class=\"fusion-builder-row fusion-row\"><div class=\"fusion-layout-column fusion_builder_column fusion-builder-column-0 fusion_builder_column_1_1 1_1 fusion-one-full fusion-column-first fusion-column-last\" style=\"--awb-bg-size:cover;\"><div class=\"fusion-column-wrapper fusion-column-has-shadow fusion-flex-column-wrapper-legacy\"><div class=\"fusion-text fusion-text-1\"><h2 style=\"text-align: center;\">Dienstleistungen<\/h2>\n<p style=\"text-align: justify;\">Tekniseri bietet seinen Kunden ein Dienstleistungsportfolio, das von der Gestaltung von Produktgrafiken f\u00fcr industrielle Kennzeichnungen \u00fcber die Herstellung von Etiketten und Isolationen bis hin zu Materialmanagement und Logistikl\u00f6sungen reicht. Wir verfolgen das One-Stop-Shop-Prinzip und bieten alle Produkte aus dem Bereich Kennzeichnung und Isolation aus einer Hand \u2013 mit \u00fcber 30 Jahren Erfahrung in der Betreuung anspruchsvoller globaler Industriekunden. Unser Servicekonzept erm\u00f6glicht eine kosteneffiziente Betreuung, optimiert die Lebenszykluskosten und wird flexibel auf die Bed\u00fcrfnisse gro\u00dfer und kleiner Unternehmen zugeschnitten.  <\/p>\n<\/div><div class=\"fusion-title title fusion-title-1 fusion-sep-none fusion-title-center fusion-title-text fusion-title-size-three\" style=\"--awb-margin-top-small:10px;--awb-margin-right-small:0px;--awb-margin-bottom-small:10px;--awb-margin-left-small:0px;\"><h3 class=\"fusion-title-heading title-heading-center\" style=\"margin:0;\"><h3 style=\"text-align: center;\"><span class=\"TextRun SCXW161010243 BCX0\" lang=\"EN-US\" xml:lang=\"EN-US\" data-contrast=\"auto\"><span class=\"NormalTextRun SCXW161010243 BCX0\">Flexibilit\u00e4t \u2013 schnelle Reaktion auf Kundenanfragen \u2013 Zuverl\u00e4ssigkeit<\/span><\/span><span class=\"EOP SCXW161010243 BCX0\" data-ccp-props=\"{\"> <\/span><\/h3><\/h3><\/div><div class=\"fusion-content-boxes content-boxes columns row fusion-columns-3 fusion-columns-total-3 fusion-content-boxes-1 content-boxes-icon-on-top content-left\" style=\"--awb-hover-accent-color:#f47722;--awb-circle-hover-accent-color:#f47722;\" data-animationOffset=\"top-into-view\"><div style=\"--awb-backgroundcolor:rgba(255,255,255,0);\" class=\"fusion-column content-box-column content-box-column content-box-column-1 col-lg-4 col-md-4 col-sm-4 fusion-content-box-hover content-box-column-first-in-row\"><div class=\"col content-box-wrapper content-wrapper link-area-link-icon content-icon-wrapper-yes icon-hover-animation-fade\" data-animationOffset=\"top-into-view\"><div class=\"heading heading-with-icon icon-left\"><div aria-hidden=\"true\" class=\"image\"><img decoding=\"async\" src=\"https:\/\/tekniseri.com\/wp-content\/uploads\/2020\/06\/design-e1596532756620-1024x571.png\" width=\"1024\" height=\"571\" alt=\"\" \/><\/div><h2 class=\"content-box-heading\" style=\"--h2_typography-font-size:24px;line-height:29px;\">Grafikdesign<\/h2><\/div><\/div><\/div><div style=\"--awb-backgroundcolor:rgba(255,255,255,0);\" class=\"fusion-column content-box-column content-box-column content-box-column-2 col-lg-4 col-md-4 col-sm-4 fusion-content-box-hover \"><div class=\"col content-box-wrapper content-wrapper link-area-link-icon content-icon-wrapper-yes icon-hover-animation-fade\" data-animationOffset=\"top-into-view\"><div class=\"heading heading-with-icon icon-left\"><div aria-hidden=\"true\" class=\"image\"><img decoding=\"async\" src=\"https:\/\/tekniseri.com\/wp-content\/uploads\/2020\/06\/productionv2-e1602579688373.png\" width=\"1024\" height=\"571\" alt=\"\" \/><\/div><h2 class=\"content-box-heading\" style=\"--h2_typography-font-size:24px;line-height:29px;\">Produktion und montage<\/h2><\/div><\/div><\/div><div style=\"--awb-backgroundcolor:rgba(255,255,255,0);\" class=\"fusion-column content-box-column content-box-column content-box-column-3 col-lg-4 col-md-4 col-sm-4 fusion-content-box-hover content-box-column-last content-box-column-last-in-row\"><div class=\"col content-box-wrapper content-wrapper link-area-link-icon content-icon-wrapper-yes icon-hover-animation-fade\" data-animationOffset=\"top-into-view\"><div class=\"heading heading-with-icon icon-left\"><div aria-hidden=\"true\" class=\"image\"><img decoding=\"async\" src=\"https:\/\/tekniseri.com\/wp-content\/uploads\/2020\/06\/logistics-1024x682.png\" width=\"1024\" height=\"682\" alt=\"\" \/><\/div><h2 class=\"content-box-heading\" style=\"--h2_typography-font-size:24px;line-height:29px;\">Logistikdienstleistungen<\/h2><\/div><\/div><\/div><div class=\"fusion-clearfix\"><\/div><\/div><div class=\"fusion-clearfix\"><\/div><\/div><\/div><\/div><\/div><div class=\"fusion-fullwidth fullwidth-box fusion-builder-row-2 nonhundred-percent-fullwidth non-hundred-percent-height-scrolling\" style=\"--awb-border-radius-top-left:0px;--awb-border-radius-top-right:0px;--awb-border-radius-bottom-right:0px;--awb-border-radius-bottom-left:0px;--awb-flex-wrap:wrap;\" ><div class=\"fusion-builder-row fusion-row\"><div class=\"fusion-layout-column fusion_builder_column fusion-builder-column-1 fusion_builder_column_1_3 1_3 fusion-one-third fusion-column-first\" style=\"--awb-bg-size:cover;width:33.333333333333%;width:calc(33.333333333333% - ( ( 4% + 4% ) * 0.33333333333333 ) );margin-right: 4%;\"><div class=\"fusion-column-wrapper fusion-column-has-shadow fusion-flex-column-wrapper-legacy\"><div class=\"fusion-text fusion-text-2\"><h3 style=\"text-align: left;\"><b><span data-contrast=\"auto\">GRAFIKDESIGN<\/span><\/b><span data-ccp-props=\"\"> <\/span><\/h3>\n<ul>\n<li style=\"text-align: left;\"><span data-contrast=\"auto\">Entwicklung <\/span><\/li>\n<li style=\"text-align: left;\"><span data-contrast=\"auto\">Materialauswahl<\/span><\/li>\n<li style=\"text-align: left;\"><span data-contrast=\"auto\">Musterfertigung<\/span><\/li>\n<\/ul>\n<\/div><div class=\"fusion-clearfix\"><\/div><\/div><\/div><div class=\"fusion-layout-column fusion_builder_column fusion-builder-column-2 fusion_builder_column_1_3 1_3 fusion-one-third\" style=\"--awb-bg-size:cover;width:33.333333333333%;width:calc(33.333333333333% - ( ( 4% + 4% ) * 0.33333333333333 ) );margin-right: 4%;\"><div class=\"fusion-column-wrapper fusion-column-has-shadow fusion-flex-column-wrapper-legacy\"><div class=\"fusion-text fusion-text-3\"><p style=\"text-align: justify;\"><span class=\"TextRun SCXW266779203 BCX0\" lang=\"EN-US\" xml:lang=\"EN-US\" data-contrast=\"auto\"><span class=\"NormalTextRun SCXW266779203 BCX0\">Wir beraten unsere Kunden und unterst\u00fctzen sie dabei, das optimale Produkt f\u00fcr deren Zweck und Anwendung zu finden. Wir helfen beim Produktdesign, indem wir Materialien (Kunststoffe oder Metalltr\u00e4ger, Klebstoffe, Farben, Schutzbeschichtungen, Trennfolien und Laminierungen) mit passenden Fertigungstechnologien kombinieren. Der Kunde kann auch fertige Designs zur Produktion einreichen. Mit der Musterfertigung wird gepr\u00fcft, ob das Produkt den Vorgaben entspricht.    <\/span><\/span><span class=\"EOP SCXW266779203 BCX0\" data-ccp-props=\"\"> <\/span><\/p>\n<\/div><div class=\"fusion-clearfix\"><\/div><\/div><\/div><div class=\"fusion-layout-column fusion_builder_column fusion-builder-column-3 fusion_builder_column_1_3 1_3 fusion-one-third fusion-column-last\" style=\"--awb-bg-size:cover;width:33.333333333333%;width:calc(33.333333333333% - ( ( 4% + 4% ) * 0.33333333333333 ) );\"><div class=\"fusion-column-wrapper fusion-column-has-shadow fusion-flex-column-wrapper-legacy\"><div class=\"fusion-image-element in-legacy-container\" style=\"--awb-caption-title-font-family:var(--h2_typography-font-family);--awb-caption-title-font-weight:var(--h2_typography-font-weight);--awb-caption-title-font-style:var(--h2_typography-font-style);--awb-caption-title-size:var(--h2_typography-font-size);--awb-caption-title-transform:var(--h2_typography-text-transform);--awb-caption-title-line-height:var(--h2_typography-line-height);--awb-caption-title-letter-spacing:var(--h2_typography-letter-spacing);\"><span class=\" fusion-imageframe imageframe-none imageframe-1 hover-type-none\"><img decoding=\"async\" width=\"1024\" height=\"571\" title=\"design\" src=\"https:\/\/tekniseri.com\/wp-content\/uploads\/2020\/06\/design-e1596532756620-1024x571.png\" alt class=\"img-responsive wp-image-2692\" srcset=\"https:\/\/tekniseri.de\/wp-content\/uploads\/2020\/06\/design-e1596532756620-200x112.png 200w, https:\/\/tekniseri.de\/wp-content\/uploads\/2020\/06\/design-e1596532756620-400x223.png 400w, https:\/\/tekniseri.de\/wp-content\/uploads\/2020\/06\/design-e1596532756620-600x335.png 600w, https:\/\/tekniseri.de\/wp-content\/uploads\/2020\/06\/design-e1596532756620-800x446.png 800w, https:\/\/tekniseri.de\/wp-content\/uploads\/2020\/06\/design-e1596532756620-1200x669.png 1200w, https:\/\/tekniseri.de\/wp-content\/uploads\/2020\/06\/design-e1596532756620.png 1600w\" sizes=\"(max-width: 800px) 100vw, 600px\" \/><\/span><\/div><div class=\"fusion-clearfix\"><\/div><\/div><\/div><\/div><\/div><div class=\"fusion-fullwidth fullwidth-box fusion-builder-row-3 nonhundred-percent-fullwidth non-hundred-percent-height-scrolling\" style=\"--awb-border-radius-top-left:0px;--awb-border-radius-top-right:0px;--awb-border-radius-bottom-right:0px;--awb-border-radius-bottom-left:0px;--awb-flex-wrap:wrap;\" ><div class=\"fusion-builder-row fusion-row\"><div class=\"fusion-layout-column fusion_builder_column fusion-builder-column-4 fusion_builder_column_1_3 1_3 fusion-one-third fusion-column-first\" style=\"--awb-bg-size:cover;width:33.333333333333%;width:calc(33.333333333333% - ( ( 4% + 4% ) * 0.33333333333333 ) );margin-right: 4%;\"><div class=\"fusion-column-wrapper fusion-column-has-shadow fusion-flex-column-wrapper-legacy\"><div class=\"fusion-text fusion-text-4\"><h3><b><span data-contrast=\"auto\">PRODUKTION UND MONTAGE LOGISTIKDIENSTLEISTUNGEN<\/span><\/b><span data-ccp-props=\"{\"> <\/span><\/h3>\n<ul>\n<li><span data-contrast=\"auto\">Fertigungstechnologien<\/span><\/li>\n<li><span data-contrast=\"auto\">Materialmanagement<\/span><\/li>\n<li>Montage<span data-ccp-props=\"{\"> <\/span><\/li>\n<\/ul>\n<\/div><div class=\"fusion-clearfix\"><\/div><\/div><\/div><div class=\"fusion-layout-column fusion_builder_column fusion-builder-column-5 fusion_builder_column_1_3 1_3 fusion-one-third\" style=\"--awb-bg-size:cover;width:33.333333333333%;width:calc(33.333333333333% - ( ( 4% + 4% ) * 0.33333333333333 ) );margin-right: 4%;\"><div class=\"fusion-column-wrapper fusion-column-has-shadow fusion-flex-column-wrapper-legacy\"><div class=\"fusion-text fusion-text-5\"><p style=\"text-align: justify;\">Tekniseri verf\u00fcgt \u00fcber Produktionsstandorte in Finnland (Kempele und Pori) sowie in China (Suzhou) und bedient Kunden mit Druck-, Schneide- und Biegemaschinen zur Herstellung von Produkten aus Kunststoff, Stahl und Aluminium. Unser globales Beschaffungsnetzwerk konzentriert sich auf weltweit anerkannte Lieferanten und Materialien. Unsere Pr\u00e4senz in Europa und Asien garantiert den Zugang zur Materialverf\u00fcgbarkeit unter allen Bedingungen. Eine hohe operative Qualit\u00e4t ist Voraussetzung f\u00fcr unsere Lieferantenauswahl.  <\/p>\n<\/div><div class=\"fusion-clearfix\"><\/div><\/div><\/div><div class=\"fusion-layout-column fusion_builder_column fusion-builder-column-6 fusion_builder_column_1_3 1_3 fusion-one-third fusion-column-last\" style=\"--awb-bg-size:cover;width:33.333333333333%;width:calc(33.333333333333% - ( ( 4% + 4% ) * 0.33333333333333 ) );\"><div class=\"fusion-column-wrapper fusion-column-has-shadow fusion-flex-column-wrapper-legacy\"><div class=\"fusion-image-element in-legacy-container\" style=\"--awb-caption-title-font-family:var(--h2_typography-font-family);--awb-caption-title-font-weight:var(--h2_typography-font-weight);--awb-caption-title-font-style:var(--h2_typography-font-style);--awb-caption-title-size:var(--h2_typography-font-size);--awb-caption-title-transform:var(--h2_typography-text-transform);--awb-caption-title-line-height:var(--h2_typography-line-height);--awb-caption-title-letter-spacing:var(--h2_typography-letter-spacing);\"><span class=\" fusion-imageframe imageframe-none imageframe-2 hover-type-none\"><img decoding=\"async\" width=\"1600\" height=\"892\" title=\"productionv2\" src=\"https:\/\/tekniseri.com\/wp-content\/uploads\/2020\/06\/productionv2-e1602579688373.png\" alt class=\"img-responsive wp-image-2693\" srcset=\"https:\/\/tekniseri.de\/wp-content\/uploads\/2020\/06\/productionv2-e1602579688373-200x112.png 200w, https:\/\/tekniseri.de\/wp-content\/uploads\/2020\/06\/productionv2-e1602579688373-400x223.png 400w, https:\/\/tekniseri.de\/wp-content\/uploads\/2020\/06\/productionv2-e1602579688373-600x335.png 600w, https:\/\/tekniseri.de\/wp-content\/uploads\/2020\/06\/productionv2-e1602579688373-800x446.png 800w, https:\/\/tekniseri.de\/wp-content\/uploads\/2020\/06\/productionv2-e1602579688373-1200x669.png 1200w, https:\/\/tekniseri.de\/wp-content\/uploads\/2020\/06\/productionv2-e1602579688373.png 1600w\" sizes=\"(max-width: 800px) 100vw, 600px\" \/><\/span><\/div><div class=\"fusion-clearfix\"><\/div><\/div><\/div><\/div><\/div><div class=\"fusion-fullwidth fullwidth-box fusion-builder-row-4 nonhundred-percent-fullwidth non-hundred-percent-height-scrolling\" style=\"--awb-border-radius-top-left:0px;--awb-border-radius-top-right:0px;--awb-border-radius-bottom-right:0px;--awb-border-radius-bottom-left:0px;--awb-flex-wrap:wrap;\" ><div class=\"fusion-builder-row fusion-row\"><div class=\"fusion-layout-column fusion_builder_column fusion-builder-column-7 fusion_builder_column_1_3 1_3 fusion-one-third fusion-column-first\" style=\"--awb-bg-size:cover;width:33.333333333333%;width:calc(33.333333333333% - ( ( 4% + 4% ) * 0.33333333333333 ) );margin-right: 4%;\"><div class=\"fusion-column-wrapper fusion-column-has-shadow fusion-flex-column-wrapper-legacy\"><div class=\"fusion-text fusion-text-6\"><h3><b><span data-contrast=\"auto\">LOGISTIKDIENSTLEISTUNGEN<\/span><\/b><span data-ccp-props=\"{\"> <\/span><\/h3>\n<ul>\n<li><span data-contrast=\"auto\">VMI-Partnerschaft (Lieferantengesteuerte Bestandsverwaltung) mit dem Kunden<\/span><\/li>\n<li><span data-contrast=\"auto\">Kritische Materialbest\u00e4nde<\/span><\/li>\n<\/ul>\n<\/div><div class=\"fusion-clearfix\"><\/div><\/div><\/div><div class=\"fusion-layout-column fusion_builder_column fusion-builder-column-8 fusion_builder_column_1_3 1_3 fusion-one-third\" style=\"--awb-bg-size:cover;width:33.333333333333%;width:calc(33.333333333333% - ( ( 4% + 4% ) * 0.33333333333333 ) );margin-right: 4%;\"><div class=\"fusion-column-wrapper fusion-column-has-shadow fusion-flex-column-wrapper-legacy\"><div class=\"fusion-text fusion-text-7\"><p style=\"text-align: justify;\"><span data-contrast=\"auto\">Tekniseri bietet seinen Kunden VMI-L\u00f6sungen zur Bestandsverwaltung an, um Fehlbest\u00e4nde zu vermeiden und dadurch die Gesamtkosten zu senken. Der Lieferant \u00fcberwacht die Lagerbest\u00e4nde des Kunden und entscheidet regelm\u00e4\u00dfig \u00fcber Bestellmengen, Versand und Timing. VMI reduziert Kosten und verbessert den Service, indem es Unsicherheiten bei den Bedarfen verringert, wodurch kleinere Pufferlagerbest\u00e4nde ben\u00f6tigt werden. Der Lieferant kann Nachschubentscheidungen gem\u00e4\u00df dem Bedarf treffen, wovon der Kunde durch geringere Lagerbest\u00e4nde profitiert. Insgesamt ergeben sich viele Vorteile durch eine verbesserte Lagerlogistik. Dar\u00fcber hinaus konzentrieren wir uns auf Industriekunden, und durch die Lagerung von Materialien f\u00fcr industrielle Anwendungen garantieren wir kurze Reaktionszeiten und kurze Produktionszeiten.    <\/span><\/p>\n<\/div><div class=\"fusion-clearfix\"><\/div><\/div><\/div><div class=\"fusion-layout-column fusion_builder_column fusion-builder-column-9 fusion_builder_column_1_3 1_3 fusion-one-third fusion-column-last\" style=\"--awb-bg-size:cover;width:33.333333333333%;width:calc(33.333333333333% - ( ( 4% + 4% ) * 0.33333333333333 ) );\"><div class=\"fusion-column-wrapper fusion-column-has-shadow fusion-flex-column-wrapper-legacy\"><div class=\"fusion-image-element fusion-image-align-center in-legacy-container\" style=\"text-align:center;--awb-caption-title-font-family:var(--h2_typography-font-family);--awb-caption-title-font-weight:var(--h2_typography-font-weight);--awb-caption-title-font-style:var(--h2_typography-font-style);--awb-caption-title-size:var(--h2_typography-font-size);--awb-caption-title-transform:var(--h2_typography-text-transform);--awb-caption-title-line-height:var(--h2_typography-line-height);--awb-caption-title-letter-spacing:var(--h2_typography-letter-spacing);\"><div class=\"imageframe-align-center\"><span class=\" fusion-imageframe imageframe-none imageframe-3 hover-type-none\"><img decoding=\"async\" width=\"1024\" height=\"682\" title=\"logistics\" src=\"https:\/\/tekniseri.com\/wp-content\/uploads\/2020\/06\/logistics-1024x682.png\" alt class=\"img-responsive wp-image-2694\" srcset=\"https:\/\/tekniseri.de\/wp-content\/uploads\/2020\/06\/logistics-200x133.png 200w, https:\/\/tekniseri.de\/wp-content\/uploads\/2020\/06\/logistics-400x267.png 400w, https:\/\/tekniseri.de\/wp-content\/uploads\/2020\/06\/logistics-600x400.png 600w, https:\/\/tekniseri.de\/wp-content\/uploads\/2020\/06\/logistics-800x533.png 800w, https:\/\/tekniseri.de\/wp-content\/uploads\/2020\/06\/logistics-1200x800.png 1200w, https:\/\/tekniseri.de\/wp-content\/uploads\/2020\/06\/logistics.png 1600w\" sizes=\"(max-width: 800px) 100vw, 600px\" \/><\/span><\/div><\/div><div class=\"fusion-clearfix\"><\/div><\/div><\/div><\/div><\/div><\/p>\n","protected":false},"excerpt":{"rendered":"","protected":false},"author":1,"featured_media":0,"parent":2758,"menu_order":0,"comment_status":"closed","ping_status":"closed","template":"","meta":{"footnotes":""},"class_list":["post-2695","page","type-page","status-publish","hentry"],"yoast_head":"<!-- This site is optimized with the Yoast SEO plugin v27.3 - https:\/\/yoast.com\/product\/yoast-seo-wordpress\/ -->\n<title>Dienstleistungen &#187; Tekniseri<\/title>\n<meta name=\"robots\" content=\"index, follow, max-snippet:-1, max-image-preview:large, max-video-preview:-1\" \/>\n<link rel=\"canonical\" href=\"https:\/\/tekniseri.de\/?page_id=2695\" \/>\n<meta property=\"og:locale\" content=\"de_DE\" \/>\n<meta property=\"og:type\" content=\"article\" \/>\n<meta property=\"og:title\" content=\"Dienstleistungen &#187; Tekniseri\" \/>\n<meta property=\"og:url\" content=\"https:\/\/tekniseri.de\/?page_id=2695\" \/>\n<meta property=\"og:site_name\" content=\"Tekniseri\" \/>\n<meta property=\"article:publisher\" content=\"https:\/\/www.facebook.com\/tekniseri\/\" \/>\n<meta property=\"article:modified_time\" content=\"2026-02-06T14:09:49+00:00\" \/>\n<meta name=\"twitter:card\" content=\"summary_large_image\" \/>\n<meta name=\"twitter:label1\" content=\"Gesch\u00e4tzte Lesezeit\" \/>\n\t<meta name=\"twitter:data1\" content=\"18\u00a0Minuten\" \/>\n<script type=\"application\/ld+json\" class=\"yoast-schema-graph\">{\"@context\":\"https:\\\/\\\/schema.org\",\"@graph\":[{\"@type\":\"WebPage\",\"@id\":\"https:\\\/\\\/tekniseri.de\\\/?page_id=2695\",\"url\":\"https:\\\/\\\/tekniseri.de\\\/?page_id=2695\",\"name\":\"Dienstleistungen &#187; Tekniseri\",\"isPartOf\":{\"@id\":\"https:\\\/\\\/tekniseri.de\\\/#website\"},\"datePublished\":\"2026-02-06T13:36:28+00:00\",\"dateModified\":\"2026-02-06T14:09:49+00:00\",\"breadcrumb\":{\"@id\":\"https:\\\/\\\/tekniseri.de\\\/?page_id=2695#breadcrumb\"},\"inLanguage\":\"de\",\"potentialAction\":[{\"@type\":\"ReadAction\",\"target\":[\"https:\\\/\\\/tekniseri.de\\\/?page_id=2695\"]}]},{\"@type\":\"BreadcrumbList\",\"@id\":\"https:\\\/\\\/tekniseri.de\\\/?page_id=2695#breadcrumb\",\"itemListElement\":[{\"@type\":\"ListItem\",\"position\":1,\"name\":\"Home\",\"item\":\"https:\\\/\\\/tekniseri.de\\\/\"},{\"@type\":\"ListItem\",\"position\":2,\"name\":\"Portfolio\",\"item\":\"https:\\\/\\\/tekniseri.de\\\/?page_id=2758\"},{\"@type\":\"ListItem\",\"position\":3,\"name\":\"Dienstleistungen\"}]},{\"@type\":\"WebSite\",\"@id\":\"https:\\\/\\\/tekniseri.de\\\/#website\",\"url\":\"https:\\\/\\\/tekniseri.de\\\/\",\"name\":\"Tekniseri\",\"description\":\"\",\"publisher\":{\"@id\":\"https:\\\/\\\/tekniseri.de\\\/#organization\"},\"potentialAction\":[{\"@type\":\"SearchAction\",\"target\":{\"@type\":\"EntryPoint\",\"urlTemplate\":\"https:\\\/\\\/tekniseri.de\\\/?s={search_term_string}\"},\"query-input\":{\"@type\":\"PropertyValueSpecification\",\"valueRequired\":true,\"valueName\":\"search_term_string\"}}],\"inLanguage\":\"de\"},{\"@type\":\"Organization\",\"@id\":\"https:\\\/\\\/tekniseri.de\\\/#organization\",\"name\":\"Tekniseri\",\"url\":\"https:\\\/\\\/tekniseri.de\\\/\",\"logo\":{\"@type\":\"ImageObject\",\"inLanguage\":\"de\",\"@id\":\"https:\\\/\\\/tekniseri.de\\\/#\\\/schema\\\/logo\\\/image\\\/\",\"url\":\"https:\\\/\\\/tekniseri.de\\\/wp-content\\\/uploads\\\/2023\\\/01\\\/Tekniseri-Logo-2023.jpg\",\"contentUrl\":\"https:\\\/\\\/tekniseri.de\\\/wp-content\\\/uploads\\\/2023\\\/01\\\/Tekniseri-Logo-2023.jpg\",\"width\":2422,\"height\":356,\"caption\":\"Tekniseri\"},\"image\":{\"@id\":\"https:\\\/\\\/tekniseri.de\\\/#\\\/schema\\\/logo\\\/image\\\/\"},\"sameAs\":[\"https:\\\/\\\/www.facebook.com\\\/tekniseri\\\/\",\"https:\\\/\\\/linkedin.com\\\/company\\\/tekniseri\"]}]}<\/script>\n<!-- \/ Yoast SEO plugin. -->","yoast_head_json":{"title":"Dienstleistungen &#187; Tekniseri","robots":{"index":"index","follow":"follow","max-snippet":"max-snippet:-1","max-image-preview":"max-image-preview:large","max-video-preview":"max-video-preview:-1"},"canonical":"https:\/\/tekniseri.de\/?page_id=2695","og_locale":"de_DE","og_type":"article","og_title":"Dienstleistungen &#187; Tekniseri","og_url":"https:\/\/tekniseri.de\/?page_id=2695","og_site_name":"Tekniseri","article_publisher":"https:\/\/www.facebook.com\/tekniseri\/","article_modified_time":"2026-02-06T14:09:49+00:00","twitter_card":"summary_large_image","twitter_misc":{"Gesch\u00e4tzte Lesezeit":"18\u00a0Minuten"},"schema":{"@context":"https:\/\/schema.org","@graph":[{"@type":"WebPage","@id":"https:\/\/tekniseri.de\/?page_id=2695","url":"https:\/\/tekniseri.de\/?page_id=2695","name":"Dienstleistungen &#187; Tekniseri","isPartOf":{"@id":"https:\/\/tekniseri.de\/#website"},"datePublished":"2026-02-06T13:36:28+00:00","dateModified":"2026-02-06T14:09:49+00:00","breadcrumb":{"@id":"https:\/\/tekniseri.de\/?page_id=2695#breadcrumb"},"inLanguage":"de","potentialAction":[{"@type":"ReadAction","target":["https:\/\/tekniseri.de\/?page_id=2695"]}]},{"@type":"BreadcrumbList","@id":"https:\/\/tekniseri.de\/?page_id=2695#breadcrumb","itemListElement":[{"@type":"ListItem","position":1,"name":"Home","item":"https:\/\/tekniseri.de\/"},{"@type":"ListItem","position":2,"name":"Portfolio","item":"https:\/\/tekniseri.de\/?page_id=2758"},{"@type":"ListItem","position":3,"name":"Dienstleistungen"}]},{"@type":"WebSite","@id":"https:\/\/tekniseri.de\/#website","url":"https:\/\/tekniseri.de\/","name":"Tekniseri","description":"","publisher":{"@id":"https:\/\/tekniseri.de\/#organization"},"potentialAction":[{"@type":"SearchAction","target":{"@type":"EntryPoint","urlTemplate":"https:\/\/tekniseri.de\/?s={search_term_string}"},"query-input":{"@type":"PropertyValueSpecification","valueRequired":true,"valueName":"search_term_string"}}],"inLanguage":"de"},{"@type":"Organization","@id":"https:\/\/tekniseri.de\/#organization","name":"Tekniseri","url":"https:\/\/tekniseri.de\/","logo":{"@type":"ImageObject","inLanguage":"de","@id":"https:\/\/tekniseri.de\/#\/schema\/logo\/image\/","url":"https:\/\/tekniseri.de\/wp-content\/uploads\/2023\/01\/Tekniseri-Logo-2023.jpg","contentUrl":"https:\/\/tekniseri.de\/wp-content\/uploads\/2023\/01\/Tekniseri-Logo-2023.jpg","width":2422,"height":356,"caption":"Tekniseri"},"image":{"@id":"https:\/\/tekniseri.de\/#\/schema\/logo\/image\/"},"sameAs":["https:\/\/www.facebook.com\/tekniseri\/","https:\/\/linkedin.com\/company\/tekniseri"]}]}},"_links":{"self":[{"href":"https:\/\/tekniseri.de\/index.php?rest_route=\/wp\/v2\/pages\/2695","targetHints":{"allow":["GET"]}}],"collection":[{"href":"https:\/\/tekniseri.de\/index.php?rest_route=\/wp\/v2\/pages"}],"about":[{"href":"https:\/\/tekniseri.de\/index.php?rest_route=\/wp\/v2\/types\/page"}],"author":[{"embeddable":true,"href":"https:\/\/tekniseri.de\/index.php?rest_route=\/wp\/v2\/users\/1"}],"replies":[{"embeddable":true,"href":"https:\/\/tekniseri.de\/index.php?rest_route=%2Fwp%2Fv2%2Fcomments&post=2695"}],"version-history":[{"count":3,"href":"https:\/\/tekniseri.de\/index.php?rest_route=\/wp\/v2\/pages\/2695\/revisions"}],"predecessor-version":[{"id":2699,"href":"https:\/\/tekniseri.de\/index.php?rest_route=\/wp\/v2\/pages\/2695\/revisions\/2699"}],"up":[{"embeddable":true,"href":"https:\/\/tekniseri.de\/index.php?rest_route=\/wp\/v2\/pages\/2758"}],"wp:attachment":[{"href":"https:\/\/tekniseri.de\/index.php?rest_route=%2Fwp%2Fv2%2Fmedia&parent=2695"}],"curies":[{"name":"wp","href":"https:\/\/api.w.org\/{rel}","templated":true}]}}