{"id":2671,"date":"2026-02-06T16:21:21","date_gmt":"2026-02-06T13:21:21","guid":{"rendered":"https:\/\/tekniseri.com\/?page_id=2671"},"modified":"2026-02-06T16:21:23","modified_gmt":"2026-02-06T13:21:23","slug":"siebdruck-und-digitaldruck","status":"publish","type":"page","link":"https:\/\/tekniseri.de\/?page_id=2671","title":{"rendered":"Siebdruck und digitaldruck"},"content":{"rendered":"<div class=\"fusion-fullwidth fullwidth-box fusion-builder-row-1 nonhundred-percent-fullwidth non-hundred-percent-height-scrolling\" style=\"--awb-border-radius-top-left:0px;--awb-border-radius-top-right:0px;--awb-border-radius-bottom-right:0px;--awb-border-radius-bottom-left:0px;--awb-padding-left:10%;--awb-flex-wrap:wrap;\" ><div class=\"fusion-builder-row fusion-row\"><div class=\"fusion-layout-column fusion_builder_column fusion-builder-column-0 fusion_builder_column_1_1 1_1 fusion-one-full fusion-column-first fusion-column-last\" style=\"--awb-bg-size:cover;\"><div class=\"fusion-column-wrapper fusion-column-has-shadow fusion-flex-column-wrapper-legacy\">\t\t\t\t<div class=\"fusion-text fusion-text-1\"><h2 style=\"text-align: center;\">Siebdruck und digitaldruck<\/h2>\n<p style=\"text-align: justify;\">Siebdruck und digitaldruck &#8211; Frontfolien, Evakuierungs- und Warnschilder, Etiketten und Aufkleber \u2013 werden in vielf\u00e4ltigen Anwendungen eingesetzt, in denen Markierungen und bedruckte Oberfl\u00e4chen mit hohen Anforderungen an Qualit\u00e4t und mechanische Belastbarkeit erforderlich sind. Sie k\u00f6nnen im Siebdruck, Digitaldruck oder Tampondruck (auch Tampografie genannt) hergestellt werden \u2013 einer nachhaltigen Druckl\u00f6sung f\u00fcr geformte 3D-Oberfl\u00e4chen. <\/p>\n<\/div><div class=\"fusion-menu-anchor\" id=\"graphicoverlays\"><\/div><div class=\"fusion-image-element in-legacy-container\" style=\"--awb-caption-title-font-family:var(--h2_typography-font-family);--awb-caption-title-font-weight:var(--h2_typography-font-weight);--awb-caption-title-font-style:var(--h2_typography-font-style);--awb-caption-title-size:var(--h2_typography-font-size);--awb-caption-title-transform:var(--h2_typography-text-transform);--awb-caption-title-line-height:var(--h2_typography-line-height);--awb-caption-title-letter-spacing:var(--h2_typography-letter-spacing);\"><span class=\" fusion-imageframe imageframe-none imageframe-1 hover-type-none\"><img decoding=\"async\" width=\"1024\" height=\"683\" title=\"IMG_2936\" src=\"https:\/\/tekniseri.com\/wp-content\/uploads\/2020\/06\/IMG_2936-1024x683.jpg\" alt class=\"img-responsive wp-image-2667\" srcset=\"https:\/\/tekniseri.de\/wp-content\/uploads\/2020\/06\/IMG_2936-200x133.jpg 200w, https:\/\/tekniseri.de\/wp-content\/uploads\/2020\/06\/IMG_2936-400x267.jpg 400w, https:\/\/tekniseri.de\/wp-content\/uploads\/2020\/06\/IMG_2936-600x400.jpg 600w, https:\/\/tekniseri.de\/wp-content\/uploads\/2020\/06\/IMG_2936-800x533.jpg 800w, https:\/\/tekniseri.de\/wp-content\/uploads\/2020\/06\/IMG_2936-1200x800.jpg 1200w, https:\/\/tekniseri.de\/wp-content\/uploads\/2020\/06\/IMG_2936-scaled.jpg 2560w\" sizes=\"(max-width: 800px) 100vw, 1024px\" \/><\/span><\/div><div class=\"fusion-text fusion-text-2\"><h3 style=\"text-align: center;\">Fronfolien und Bedienfelder<\/h3>\n<p style=\"text-align: justify;\">Kunden w\u00fcnschen sich, dass ihre Produkte einen Wiedererkennungswert f\u00fcr ihre Marke schaffen. Eine Frontfolie kann dem Produkt ein entsprechendes Image verleihen \u2013 sei es Qualit\u00e4t, Komfort, Benutzerfreundlichkeit, Langlebigkeit oder Robustheit. <\/p>\n<p style=\"text-align: justify;\">In den meisten F\u00e4llen ist die Frontfolie der erste Teil eines Produkts, den der Benutzer ber\u00fchrt. Deshalb ist es entscheidend, dass sie so gestaltet und gefertigt ist, dass sie dieses Image auch vermittelt. <\/p>\n<p style=\"text-align: justify;\">Fronfolien und Folientastaturen werden im Sieb- oder Digitaldruck auf die R\u00fcckseite eines Kunststofffilms aufgebracht. Die Oberfl\u00e4che des Films sch\u00fctzt die Druckfarben vor Abnutzung. Material, Farbe und Form werden nach Kundenspezifikation gefertigt. Frontfolien halten extremen Umwelteinfl\u00fcssen stand, etwa mechanischer Belastung, aggressiven Chemikalien, Temperaturschwankungen, Niederschlag, Salzwasser oder Sonnenlicht.  <\/p>\n<p style=\"text-align: justify;\">Der Klebstoff wird entsprechend den Anforderungen der Einsatzumgebung ausgew\u00e4hlt, um eine starke Haftung zu gew\u00e4hrleisten. Wir fertigen Frontfolien aus Polyester- und Polycarbonatfolien und verwenden dabei nur bekannte Markenmaterialien. <\/p>\n<\/div><div class=\"fusion-menu-anchor\" id=\"evacuationsigns\"><\/div><div class=\"fusion-image-element in-legacy-container\" style=\"--awb-caption-title-font-family:var(--h2_typography-font-family);--awb-caption-title-font-weight:var(--h2_typography-font-weight);--awb-caption-title-font-style:var(--h2_typography-font-style);--awb-caption-title-size:var(--h2_typography-font-size);--awb-caption-title-transform:var(--h2_typography-text-transform);--awb-caption-title-line-height:var(--h2_typography-line-height);--awb-caption-title-letter-spacing:var(--h2_typography-letter-spacing);\"><span class=\" fusion-imageframe imageframe-none imageframe-2 hover-type-none\"><img decoding=\"async\" width=\"1024\" height=\"684\" title=\"_DSC6632\" src=\"https:\/\/tekniseri.com\/wp-content\/uploads\/2020\/06\/DSC6632-1024x684.jpg\" alt class=\"img-responsive wp-image-2668\" srcset=\"https:\/\/tekniseri.de\/wp-content\/uploads\/2020\/06\/DSC6632-200x134.jpg 200w, https:\/\/tekniseri.de\/wp-content\/uploads\/2020\/06\/DSC6632-400x267.jpg 400w, https:\/\/tekniseri.de\/wp-content\/uploads\/2020\/06\/DSC6632-600x401.jpg 600w, https:\/\/tekniseri.de\/wp-content\/uploads\/2020\/06\/DSC6632-800x534.jpg 800w, https:\/\/tekniseri.de\/wp-content\/uploads\/2020\/06\/DSC6632-1200x801.jpg 1200w, https:\/\/tekniseri.de\/wp-content\/uploads\/2020\/06\/DSC6632-scaled.jpg 2560w\" sizes=\"(max-width: 800px) 100vw, 1024px\" \/><\/span><\/div><div class=\"fusion-text fusion-text-3\"><h3 style=\"text-align: center;\">Evakuierungs- und warnzeichen<\/h3>\n<p style=\"text-align: justify;\">Wir unterst\u00fctzen Hersteller von Notbeleuchtung bei der Entwicklung sichererer Fluchtwegleuchten f\u00fcr Geb\u00e4ude, Schiffe und Tunnel, indem wir bedruckte Komponenten f\u00fcr Evakuierungs- und Warnzeichen liefern, die auf Langlebigkeit ausgelegt sind und deren Farben sich nicht abnutzen.<\/p>\n<p style=\"text-align: justify;\">Fluchtwegschilder k\u00f6nnen im Siebdruck oder Digitaldruck auf eine Vielzahl von Materialien wie Acrylglas (bis 12mm Dicke), Carbonate, Polypropylenfolien und reflektierende Materialien aufgebracht werden. Die Grafiken werden stets nach Kundenspezifikation gefertigt. Die Kunststoffe werden mittels Laserscheiden oder Klingenschnitt hergestellt. Zusammen mit dem Kunden entwickeln wir bei Bedarf Gravurmuster zur gezielten und harmonischen Lichstreuung. <\/p>\n<p style=\"text-align: justify;\">Je nach Anwendung kann das Schild von hinten oder von den Kanten beleuchtet werden. Wir fertigen auch komplexe Baugruppen.   <\/p>\n<\/div><div class=\"fusion-menu-anchor\" id=\"printingonmechanics\"><\/div><div class=\"fusion-image-element in-legacy-container\" style=\"--awb-caption-title-font-family:var(--h2_typography-font-family);--awb-caption-title-font-weight:var(--h2_typography-font-weight);--awb-caption-title-font-style:var(--h2_typography-font-style);--awb-caption-title-size:var(--h2_typography-font-size);--awb-caption-title-transform:var(--h2_typography-text-transform);--awb-caption-title-line-height:var(--h2_typography-line-height);--awb-caption-title-letter-spacing:var(--h2_typography-letter-spacing);\"><span class=\" fusion-imageframe imageframe-none imageframe-3 hover-type-none\"><img decoding=\"async\" width=\"1600\" height=\"832\" title=\"3DSURFFI2\" src=\"https:\/\/tekniseri.com\/wp-content\/uploads\/2020\/08\/3DSURFFI2.png\" alt class=\"img-responsive wp-image-2669\" srcset=\"https:\/\/tekniseri.de\/wp-content\/uploads\/2020\/08\/3DSURFFI2-200x104.png 200w, https:\/\/tekniseri.de\/wp-content\/uploads\/2020\/08\/3DSURFFI2-400x208.png 400w, https:\/\/tekniseri.de\/wp-content\/uploads\/2020\/08\/3DSURFFI2-600x312.png 600w, https:\/\/tekniseri.de\/wp-content\/uploads\/2020\/08\/3DSURFFI2-800x416.png 800w, https:\/\/tekniseri.de\/wp-content\/uploads\/2020\/08\/3DSURFFI2-1200x624.png 1200w, https:\/\/tekniseri.de\/wp-content\/uploads\/2020\/08\/3DSURFFI2.png 1600w\" sizes=\"(max-width: 800px) 100vw, 1600px\" \/><\/span><\/div><div class=\"fusion-text fusion-text-4\"><h3 style=\"text-align: center;\">Bedruckung auf mechaniken und 3d-oberfl\u00e4chen<\/h3>\n<p style=\"text-align: justify;\">Unebene oder gew\u00f6lbte Oberfl\u00e4chen sind kein Hindernis f\u00fcr hochwertige Bedruckungen. Unsere Tampondruckmaschinen erm\u00f6glichen auch das Bedrucken unebener Oberfl\u00e4chen. Die Siebdrucktechnik ist anwendbar f\u00fcr ebene Fl\u00e4chen, z.\u202fB. bei der Beschriftung von Frontplatten, Kunstoffen und Metallschildern. <br \/>Bei Teniseri liefern beide Verfahren perfekte Druckqualit\u00e4t.    <\/p>\n<\/div><div class=\"fusion-menu-anchor\" id=\"labels\"><\/div><div class=\"fusion-image-element in-legacy-container\" style=\"--awb-caption-title-font-family:var(--h2_typography-font-family);--awb-caption-title-font-weight:var(--h2_typography-font-weight);--awb-caption-title-font-style:var(--h2_typography-font-style);--awb-caption-title-size:var(--h2_typography-font-size);--awb-caption-title-transform:var(--h2_typography-text-transform);--awb-caption-title-line-height:var(--h2_typography-line-height);--awb-caption-title-letter-spacing:var(--h2_typography-letter-spacing);\"><span class=\" fusion-imageframe imageframe-none imageframe-4 hover-type-none\"><img decoding=\"async\" width=\"1600\" height=\"872\" title=\"leibels\" src=\"https:\/\/tekniseri.com\/wp-content\/uploads\/2020\/06\/leibels-e1596532916726.png\" alt class=\"img-responsive wp-image-2670\" srcset=\"https:\/\/tekniseri.de\/wp-content\/uploads\/2020\/06\/leibels-e1596532916726-200x109.png 200w, https:\/\/tekniseri.de\/wp-content\/uploads\/2020\/06\/leibels-e1596532916726-400x218.png 400w, https:\/\/tekniseri.de\/wp-content\/uploads\/2020\/06\/leibels-e1596532916726-600x327.png 600w, https:\/\/tekniseri.de\/wp-content\/uploads\/2020\/06\/leibels-e1596532916726-800x436.png 800w, https:\/\/tekniseri.de\/wp-content\/uploads\/2020\/06\/leibels-e1596532916726-1200x654.png 1200w, https:\/\/tekniseri.de\/wp-content\/uploads\/2020\/06\/leibels-e1596532916726.png 1600w\" sizes=\"(max-width: 800px) 100vw, 1600px\" \/><\/span><\/div><div class=\"fusion-text fusion-text-5\"><h3 style=\"text-align: center;\">Etiketten und Aufkleber<\/h3>\n<p style=\"text-align: justify;\">Die im Siebdruckverfahren hergestellten Etiketten von Tekniseri k\u00f6nnen in jeder gew\u00fcnschten Form und Farbe gem\u00e4\u00df den Kundenspezifikationen und\/oder markt\u00fcblichen Vorschriften produziert werden. Die Siebdruckfarben werden f\u00fcr jeden Kundenauftrag individuell abgestimmt und umgesetzt und selbst kleinste Texte und Grafiken werden hervorragend wiedergegeben. Hier kommt dem Kunden die langj\u00e4hrige Erfahrung von Tekniseri zugute. Zur Materialauswahl stehen diverse Kunststoffmaterialen und Laminate zur Auswahl bspw. auch umweltfreundliches Polyester.    <\/p>\n<\/div><div class=\"fusion-clearfix\"><\/div><\/div><\/div><\/div><\/div>\n","protected":false},"excerpt":{"rendered":"","protected":false},"author":1,"featured_media":0,"parent":2662,"menu_order":0,"comment_status":"closed","ping_status":"closed","template":"","meta":{"footnotes":""},"class_list":["post-2671","page","type-page","status-publish","hentry"],"yoast_head":"<!-- This site is optimized with the Yoast SEO plugin v27.3 - https:\/\/yoast.com\/product\/yoast-seo-wordpress\/ -->\n<title>Siebdruck und digitaldruck &#187; Tekniseri<\/title>\n<meta name=\"robots\" content=\"index, follow, max-snippet:-1, max-image-preview:large, max-video-preview:-1\" \/>\n<link rel=\"canonical\" href=\"https:\/\/tekniseri.de\/?page_id=2671\" \/>\n<meta property=\"og:locale\" content=\"de_DE\" \/>\n<meta property=\"og:type\" content=\"article\" \/>\n<meta property=\"og:title\" content=\"Siebdruck und digitaldruck &#187; Tekniseri\" \/>\n<meta property=\"og:url\" content=\"https:\/\/tekniseri.de\/?page_id=2671\" \/>\n<meta property=\"og:site_name\" content=\"Tekniseri\" \/>\n<meta property=\"article:publisher\" content=\"https:\/\/www.facebook.com\/tekniseri\/\" \/>\n<meta property=\"article:modified_time\" content=\"2026-02-06T13:21:23+00:00\" \/>\n<meta name=\"twitter:card\" content=\"summary_large_image\" \/>\n<meta name=\"twitter:label1\" content=\"Gesch\u00e4tzte Lesezeit\" \/>\n\t<meta name=\"twitter:data1\" content=\"7\u00a0Minuten\" \/>\n<script type=\"application\/ld+json\" class=\"yoast-schema-graph\">{\"@context\":\"https:\\\/\\\/schema.org\",\"@graph\":[{\"@type\":\"WebPage\",\"@id\":\"https:\\\/\\\/tekniseri.de\\\/?page_id=2671\",\"url\":\"https:\\\/\\\/tekniseri.de\\\/?page_id=2671\",\"name\":\"Siebdruck und digitaldruck &#187; Tekniseri\",\"isPartOf\":{\"@id\":\"https:\\\/\\\/tekniseri.de\\\/#website\"},\"datePublished\":\"2026-02-06T13:21:21+00:00\",\"dateModified\":\"2026-02-06T13:21:23+00:00\",\"breadcrumb\":{\"@id\":\"https:\\\/\\\/tekniseri.de\\\/?page_id=2671#breadcrumb\"},\"inLanguage\":\"de\",\"potentialAction\":[{\"@type\":\"ReadAction\",\"target\":[\"https:\\\/\\\/tekniseri.de\\\/?page_id=2671\"]}]},{\"@type\":\"BreadcrumbList\",\"@id\":\"https:\\\/\\\/tekniseri.de\\\/?page_id=2671#breadcrumb\",\"itemListElement\":[{\"@type\":\"ListItem\",\"position\":1,\"name\":\"Home\",\"item\":\"https:\\\/\\\/tekniseri.de\\\/\"},{\"@type\":\"ListItem\",\"position\":2,\"name\":\"Portfolio\",\"item\":\"https:\\\/\\\/tekniseri.de\\\/?page_id=2758\"},{\"@type\":\"ListItem\",\"position\":3,\"name\":\"Produkte\",\"item\":\"https:\\\/\\\/tekniseri.de\\\/?page_id=2662\"},{\"@type\":\"ListItem\",\"position\":4,\"name\":\"Siebdruck und digitaldruck\"}]},{\"@type\":\"WebSite\",\"@id\":\"https:\\\/\\\/tekniseri.de\\\/#website\",\"url\":\"https:\\\/\\\/tekniseri.de\\\/\",\"name\":\"Tekniseri\",\"description\":\"\",\"publisher\":{\"@id\":\"https:\\\/\\\/tekniseri.de\\\/#organization\"},\"potentialAction\":[{\"@type\":\"SearchAction\",\"target\":{\"@type\":\"EntryPoint\",\"urlTemplate\":\"https:\\\/\\\/tekniseri.de\\\/?s={search_term_string}\"},\"query-input\":{\"@type\":\"PropertyValueSpecification\",\"valueRequired\":true,\"valueName\":\"search_term_string\"}}],\"inLanguage\":\"de\"},{\"@type\":\"Organization\",\"@id\":\"https:\\\/\\\/tekniseri.de\\\/#organization\",\"name\":\"Tekniseri\",\"url\":\"https:\\\/\\\/tekniseri.de\\\/\",\"logo\":{\"@type\":\"ImageObject\",\"inLanguage\":\"de\",\"@id\":\"https:\\\/\\\/tekniseri.de\\\/#\\\/schema\\\/logo\\\/image\\\/\",\"url\":\"https:\\\/\\\/tekniseri.de\\\/wp-content\\\/uploads\\\/2023\\\/01\\\/Tekniseri-Logo-2023.jpg\",\"contentUrl\":\"https:\\\/\\\/tekniseri.de\\\/wp-content\\\/uploads\\\/2023\\\/01\\\/Tekniseri-Logo-2023.jpg\",\"width\":2422,\"height\":356,\"caption\":\"Tekniseri\"},\"image\":{\"@id\":\"https:\\\/\\\/tekniseri.de\\\/#\\\/schema\\\/logo\\\/image\\\/\"},\"sameAs\":[\"https:\\\/\\\/www.facebook.com\\\/tekniseri\\\/\",\"https:\\\/\\\/linkedin.com\\\/company\\\/tekniseri\"]}]}<\/script>\n<!-- \/ Yoast SEO plugin. -->","yoast_head_json":{"title":"Siebdruck und digitaldruck &#187; Tekniseri","robots":{"index":"index","follow":"follow","max-snippet":"max-snippet:-1","max-image-preview":"max-image-preview:large","max-video-preview":"max-video-preview:-1"},"canonical":"https:\/\/tekniseri.de\/?page_id=2671","og_locale":"de_DE","og_type":"article","og_title":"Siebdruck und digitaldruck &#187; Tekniseri","og_url":"https:\/\/tekniseri.de\/?page_id=2671","og_site_name":"Tekniseri","article_publisher":"https:\/\/www.facebook.com\/tekniseri\/","article_modified_time":"2026-02-06T13:21:23+00:00","twitter_card":"summary_large_image","twitter_misc":{"Gesch\u00e4tzte Lesezeit":"7\u00a0Minuten"},"schema":{"@context":"https:\/\/schema.org","@graph":[{"@type":"WebPage","@id":"https:\/\/tekniseri.de\/?page_id=2671","url":"https:\/\/tekniseri.de\/?page_id=2671","name":"Siebdruck und digitaldruck &#187; Tekniseri","isPartOf":{"@id":"https:\/\/tekniseri.de\/#website"},"datePublished":"2026-02-06T13:21:21+00:00","dateModified":"2026-02-06T13:21:23+00:00","breadcrumb":{"@id":"https:\/\/tekniseri.de\/?page_id=2671#breadcrumb"},"inLanguage":"de","potentialAction":[{"@type":"ReadAction","target":["https:\/\/tekniseri.de\/?page_id=2671"]}]},{"@type":"BreadcrumbList","@id":"https:\/\/tekniseri.de\/?page_id=2671#breadcrumb","itemListElement":[{"@type":"ListItem","position":1,"name":"Home","item":"https:\/\/tekniseri.de\/"},{"@type":"ListItem","position":2,"name":"Portfolio","item":"https:\/\/tekniseri.de\/?page_id=2758"},{"@type":"ListItem","position":3,"name":"Produkte","item":"https:\/\/tekniseri.de\/?page_id=2662"},{"@type":"ListItem","position":4,"name":"Siebdruck und digitaldruck"}]},{"@type":"WebSite","@id":"https:\/\/tekniseri.de\/#website","url":"https:\/\/tekniseri.de\/","name":"Tekniseri","description":"","publisher":{"@id":"https:\/\/tekniseri.de\/#organization"},"potentialAction":[{"@type":"SearchAction","target":{"@type":"EntryPoint","urlTemplate":"https:\/\/tekniseri.de\/?s={search_term_string}"},"query-input":{"@type":"PropertyValueSpecification","valueRequired":true,"valueName":"search_term_string"}}],"inLanguage":"de"},{"@type":"Organization","@id":"https:\/\/tekniseri.de\/#organization","name":"Tekniseri","url":"https:\/\/tekniseri.de\/","logo":{"@type":"ImageObject","inLanguage":"de","@id":"https:\/\/tekniseri.de\/#\/schema\/logo\/image\/","url":"https:\/\/tekniseri.de\/wp-content\/uploads\/2023\/01\/Tekniseri-Logo-2023.jpg","contentUrl":"https:\/\/tekniseri.de\/wp-content\/uploads\/2023\/01\/Tekniseri-Logo-2023.jpg","width":2422,"height":356,"caption":"Tekniseri"},"image":{"@id":"https:\/\/tekniseri.de\/#\/schema\/logo\/image\/"},"sameAs":["https:\/\/www.facebook.com\/tekniseri\/","https:\/\/linkedin.com\/company\/tekniseri"]}]}},"_links":{"self":[{"href":"https:\/\/tekniseri.de\/index.php?rest_route=\/wp\/v2\/pages\/2671","targetHints":{"allow":["GET"]}}],"collection":[{"href":"https:\/\/tekniseri.de\/index.php?rest_route=\/wp\/v2\/pages"}],"about":[{"href":"https:\/\/tekniseri.de\/index.php?rest_route=\/wp\/v2\/types\/page"}],"author":[{"embeddable":true,"href":"https:\/\/tekniseri.de\/index.php?rest_route=\/wp\/v2\/users\/1"}],"replies":[{"embeddable":true,"href":"https:\/\/tekniseri.de\/index.php?rest_route=%2Fwp%2Fv2%2Fcomments&post=2671"}],"version-history":[{"count":3,"href":"https:\/\/tekniseri.de\/index.php?rest_route=\/wp\/v2\/pages\/2671\/revisions"}],"predecessor-version":[{"id":2674,"href":"https:\/\/tekniseri.de\/index.php?rest_route=\/wp\/v2\/pages\/2671\/revisions\/2674"}],"up":[{"embeddable":true,"href":"https:\/\/tekniseri.de\/index.php?rest_route=\/wp\/v2\/pages\/2662"}],"wp:attachment":[{"href":"https:\/\/tekniseri.de\/index.php?rest_route=%2Fwp%2Fv2%2Fmedia&parent=2671"}],"curies":[{"name":"wp","href":"https:\/\/api.w.org\/{rel}","templated":true}]}}